{"id":340,"date":"2021-10-19T16:12:51","date_gmt":"2021-10-19T09:12:51","guid":{"rendered":"https:\/\/www.buddhistpedia.org\/de\/?page_id=340"},"modified":"2022-10-27T08:59:25","modified_gmt":"2022-10-27T01:59:25","slug":"kathina-roben-schenkungszeremonie","status":"publish","type":"page","link":"https:\/\/www.buddhistpedia.org\/de\/kathina-roben-schenkungszeremonie\/","title":{"rendered":"Kathina-Roben Schenkungszeremonie"},"content":{"rendered":"<div id=\"tdi_1\" class=\"tdc-zone\"><div class=\"tdc_zone tdi_2  wpb_row td-pb-row\"  >\n<style scoped>\n\/* custom css - generated by TagDiv Composer *\/\n\n\/* custom css - generated by TagDiv Composer *\/\n.tdi_2{\r\n                    min-height: 100vh;\r\n                }\n<\/style><div id=\"tdi_3\" class=\"tdc-row stretch_row_1800 td-stretch-content\"><div class=\"vc_row tdi_4  wpb_row td-pb-row\" >\n<style scoped>\n\/* custom css - generated by TagDiv Composer *\/\n\n\/* custom css - generated by TagDiv Composer *\/\n.tdi_4,\r\n                .tdi_4 .tdc-columns{\r\n                    min-height: 0;\r\n                }.tdi_4,\r\n\t\t\t\t.tdi_4 .tdc-columns{\r\n\t\t\t\t    display: block;\r\n\t\t\t\t}.tdi_4 .tdc-columns{\r\n\t\t\t\t    width: 100%;\r\n\t\t\t\t}.tdi_4:before,\r\n\t\t\t\t.tdi_4:after{\r\n\t\t\t\t    display: table;\r\n\t\t\t\t}\n\/* inline tdc_css att - generated by TagDiv Composer *\/\n\n.tdi_4{\nmargin-top:60px !important;\n}\n\n.tdi_4 .td_block_wrap{ text-align:left }\n\n\/* phone *\/\n@media (max-width: 767px)\n{\n.tdi_4{\nmargin-top:-30px !important;\n}\n}\n\n\/* landscape *\/\n@media (min-width: 1019px) and (max-width: 1140px)\n{\n.tdi_4{\nmargin-top:-20px !important;\n}\n}\n\n<\/style><div class=\"vc_column tdi_6  wpb_column vc_column_container tdc-column td-pb-span12\">\n<style scoped>\n\/* custom css - generated by TagDiv Composer *\/\n\n\/* custom css - generated by TagDiv Composer *\/\n.tdi_6{\r\n                    vertical-align: baseline;\r\n                }.tdi_6 > .wpb_wrapper,\r\n\t\t\t\t.tdi_6 > .wpb_wrapper > .tdc-elements{\r\n\t\t\t\t    display: block;\r\n\t\t\t\t}.tdi_6 > .wpb_wrapper > .tdc-elements{\r\n\t\t\t\t    width: 100%;\r\n\t\t\t\t}.tdi_6 > .wpb_wrapper > .vc_row_inner{\r\n\t\t\t\t    width: auto;\r\n\t\t\t\t}.tdi_6 > .wpb_wrapper{\r\n\t\t\t\t    width: auto;\r\n\t\t\t\t    height: auto;\r\n\t\t\t\t}\n<\/style><div class=\"wpb_wrapper\" ><div class=\"wpb_wrapper td_block_empty_space td_block_wrap vc_empty_space tdi_8 \"  style=\"height: 32px\"><\/div><div class=\"tdm_block td_block_wrap tdm_block_column_title tdi_9 tdm-content-horiz-center td-pb-border-top td_block_template_1\"  data-td-block-uid=\"tdi_9\" >\n<style>\n\n\/* inline tdc_css att - generated by TagDiv Composer *\/\n\n.tdi_9{\nposition:relative;\n}\n\n\/* landscape *\/\n@media (min-width: 1019px) and (max-width: 1140px)\n{\n.tdi_9{\nmargin-top:70px !important;\n}\n}\n\n<\/style>\n<style>\n\/* custom css - generated by TagDiv Composer *\/\n.tdm_block_column_title{\r\n                  margin-bottom: 0;\r\n                  display: inline-block;\r\n                  width: 100%;\r\n                }\n<\/style>\n<div class=\"tdi_9_rand_style td-element-style\"><style>\n.tdi_9_rand_style{\nbackground-color:#ff9900 !important;\n}\n <\/style><\/div><div class=\"td-block-row\"><div class=\"td-block-span12 tdm-col\">\n<style>\n\/* custom css - generated by TagDiv Composer *\/\nbody .tdi_10 .tdm-title{\r\n\t\t\t\t\tcolor: #ffffff;\r\n\t\t\t\t}.tdi_10 .tdm-title{\r\n\t\t\t\t\tfont-size:60px !important;line-height:1 !important;\r\n\t\t\t\t}\n\n\/* landscape *\/\n@media (min-width: 1019px) and (max-width: 1140px){\n.tdi_10 .tdm-title{\r\n\t\t\t\t\tfont-size:40px !important;\r\n\t\t\t\t}\n}\n\n\/* portrait *\/\n@media (min-width: 768px) and (max-width: 1018px){\n.tdi_10 .tdm-title{\r\n\t\t\t\t\tfont-size:40px !important;\r\n\t\t\t\t}\n}\n\n\/* phone *\/\n@media (max-width: 767px){\n.tdi_10 .tdm-title{\r\n\t\t\t\t\tfont-size:30px !important;\r\n\t\t\t\t}\n}\n<\/style><div class=\"tds-title tds-title1 td-fix-index tdi_10 \"><h3 class=\"tdm-title tdm-title-md\">Kathina-Roben Schenkungszeremonie<\/h3><\/div><\/div><\/div><\/div><div class=\"tdm_block td_block_wrap tdm_block_column_title tdi_11 tdm-content-horiz-center td-pb-border-top td_block_template_1\"  data-td-block-uid=\"tdi_11\" >\n<style>\n\n\/* inline tdc_css att - generated by TagDiv Composer *\/\n\n.tdi_11{\nposition:relative;\n}\n\n<\/style>\n<div class=\"tdi_11_rand_style td-element-style\"><style>\n.tdi_11_rand_style{\nbackground-color:rgba(255,153,0,0) !important;\n}\n <\/style><\/div><div class=\"td-block-row\"><div class=\"td-block-span12 tdm-col\">\n<style>\n\/* custom css - generated by TagDiv Composer *\/\nbody .tdi_12 .tdm-title{\r\n\t\t\t\t\tcolor: rgba(0,0,0,0.77);\r\n\t\t\t\t}.tdi_12 .tdm-title{\r\n\t\t\t\t\tfont-size:40px !important;line-height:1 !important;\r\n\t\t\t\t}\n\n\/* landscape *\/\n@media (min-width: 1019px) and (max-width: 1140px){\n.tdi_12 .tdm-title{\r\n\t\t\t\t\tfont-size:35px !important;\r\n\t\t\t\t}\n}\n\n\/* portrait *\/\n@media (min-width: 768px) and (max-width: 1018px){\n.tdi_12 .tdm-title{\r\n\t\t\t\t\tfont-size:35px !important;\r\n\t\t\t\t}\n}\n\n\/* phone *\/\n@media (max-width: 767px){\n.tdi_12 .tdm-title{\r\n\t\t\t\t\tfont-size:30px !important;\r\n\t\t\t\t}\n}\n<\/style><div class=\"tds-title tds-title1 td-fix-index tdi_12 \"><h3 class=\"tdm-title tdm-title-md\">Grosse zeitlich begrenzte Schenkung<\/h3><\/div><\/div><\/div><\/div><div class=\"td_block_wrap td_block_text_with_title tdi_13 tagdiv-type td-pb-border-top td_block_template_18\"  data-td-block-uid=\"tdi_13\" >\n<style>\n\/* custom css - generated by TagDiv Composer *\/\n.td_block_text_with_title{\r\n                  margin-bottom: 44px;\r\n                  -webkit-transform: translateZ(0);\r\n                  transform: translateZ(0);\r\n                }.td_block_text_with_title p:last-child{\r\n                  margin-bottom: 0;\r\n                }.tdi_13 h4{\r\n\t\t\t        font-size:28px !important;font-weight:700 !important;text-transform:none !important;letter-spacing:2px !important;\r\n\t\t        }\n\n\/* phone *\/\n@media (max-width: 767px){\n.tdi_13 h4{\r\n\t\t\t        font-size:18px !important;font-weight:400 !important;letter-spacing:1px !important;\r\n\t\t        }\n}\n<\/style><div class=\"td-block-title-wrap\"><\/div><div class=\"td_mod_wrap td-fix-index\"><p><img loading=\"lazy\" decoding=\"async\" class=\"alignnone size-full wp-image-516\" src=\"https:\/\/www.buddhistpedia.org\/th\/wp-content\/uploads\/sites\/2\/2021\/10\/image001.jpg\" alt=\"\" width=\"1896\" height=\"894\" \/><\/p>\n<h3><span style=\"color: #ffffff;\"><strong><span style=\"background-color: #ff9900;\">\u00a0Kathina Roben-Schenkungszeremonie\u00a0<\/span><\/strong><\/span><\/h3>\n<p>Die Kathina-Roben Schenkungszeremonie ist eine der bedeutendsten Traditionen des Buddhismus. Ihre Urspr\u00fcnge reichen zur\u00fcck bis in die Zeit Buddhas vor \u00fcber 2500 Jahren. Gl\u00e4ubige Buddhisten aus der ganzen Welt besuchen jedes Jahr ihre Lieblingstempel, um bei diesem j\u00e4hrlichen Ereignis Pu\u00f1\u00f1a (spirituelle Energie) zu erwerben. Jedem Tempel ist es gestattet, seine Kathina-Zeremonie an einem Tag w\u00e4hrend eines einmonatigen Zeitraums zu veranstalten, der auf das Ende der buddhistischen Regenklausur zwischen dem ersten Tag des 11. \u00a0abnehmenden Mondes und dem 15. Tag des 12. \u00a0zunehmenden Mondes folgt.<\/p>\n<p>Die Buddhistische Regenzeit ist ein dreimonatiger Zeitraum, in dem sich die M\u00f6nche an einem Ort aufhalten, um sich gewissenhaft auf ihre spirituelle Praxis zu konzentrieren. Diese intensive Zeit des Trainings inspiriert die Laien den Sangha zu unterst\u00fctzen, um ihre Bem\u00fchungen um Selbstreinigung zu w\u00fcrdigen. Da die Buddhisten glauben, dass die Reinheit des Empf\u00e4ngers das Pu\u00f1\u00f1a erh\u00f6ht, das durch den Akt der Gro\u00dfz\u00fcgigkeit entsteht, ist das Pu\u00f1\u00f1a aus der Schenkung der Kathina-Robe unermesslich gro\u00df. Dies ist einer der vielen Gr\u00fcnde, warum die Kathina-Zeremonie so beliebt ist und f\u00fcr Tempel in L\u00e4ndern wie Thailand in der Regel die gr\u00f6\u00dfte Zeremonie des Jahres darstellt.<\/p>\n<p><img loading=\"lazy\" decoding=\"async\" class=\"alignnone size-full wp-image-526\" src=\"https:\/\/www.buddhistpedia.org\/th\/wp-content\/uploads\/sites\/2\/2021\/10\/image004.jpg\" alt=\"\" width=\"1896\" height=\"894\" \/><\/p>\n<h3><span style=\"color: #ffffff;\"><strong><span style=\"background-color: #ff9900;\">\u00a0Der historische Hintergrund der Ka\u1e6dhina-Roben Schenkung\u00a0<\/span><\/strong><\/span><\/h3>\n<p>W\u00e4hrend Buddha im Jetavana-Tempel in Shravasti verweilte, reiste eine Gruppe von drei\u00dfig M\u00f6nchen von Patha aus, um den Buddha zu besuchen. Nachdem sie auf halber Strecke anhielten, um die dreimonatige Regenzeit in Saket zu verbringen, das etwa 96 Kilometer von Shravasti entfernt war, machten sie sich eilig auf den Weg, um den Buddha zu besuchen. Allerdings war die Regenzeit zu diesem Zeitpunkt noch nicht zu Ende.<\/p>\n<p>Daher waren die Stra\u00dfen durch das Regenwasser verschlammt, was die Reise ziemlich schwierig machte. Als sie den Jetavana-Tempel erreichten, gingen die M\u00f6nche mit abgewetzten, schlammbespritzten Gew\u00e4ndern zu Buddha. Nachdem Buddha diese Gruppe von M\u00f6nchen und den schlechten Zustand ihrer Gew\u00e4nder gesehen hatte, beschloss er, dass von nun an alle M\u00f6nche, die die dreimonatige Regenzeit einhalten, von den treuen Laien eine neue Robe erhalten k\u00f6nnen. Aus dieser Situation heraus entstand die Kathina-Roben Schenkungszeremonie, die bis heute erhalten geblieben ist.\u00a0<\/p>\n<p><img loading=\"lazy\" decoding=\"async\" class=\"alignnone size-full wp-image-527\" src=\"https:\/\/www.buddhistpedia.org\/th\/wp-content\/uploads\/sites\/2\/2021\/10\/image006.jpg\" alt=\"\" width=\"1896\" height=\"689\" \/><\/p>\n<h3><span style=\"color: #ffffff;\"><strong><span style=\"background-color: #ff9900;\">\u00a0Das Pu\u00f1\u00f1a aus der Schenkung der Ka\u1e6dhina-Robe\u00a0<\/span><\/strong><\/span><\/h3>\n<p><strong>F\u00fcr Laien:\u00a0<\/strong>\u00a0 Laien, welche die Kathina-Robe darbringen oder an der Zeremonie teilnehmen, erhalten gro\u00dfes \u00a0Pu\u00f1\u00f1a.<\/p>\n<p><strong>F\u00fcr den Sangha:<\/strong> \u00a0laut dem Vinayapitaka wird ein M\u00f6nch, der die Kathina-Robe erh\u00e4lt, ebenfalls eine gro\u00dfe Menge an Pu\u00f1\u00f1a erlangen.<\/p>\n<p>Die Fr\u00fcchte des Pu\u00f1\u00f1a aus der Darbringung der Ka\u1e6dhina-Robe f\u00fcr teilnehmende Laien und M\u00f6nche kann wie folgt zusammengefasst werden:<\/p>\n<p style=\"padding-left: 40px;\">1. Sie werden in einer heilen Familie mit rechter Ansicht, Ehre und Ruhm wiedergeboren.<\/p>\n<p style=\"padding-left: 40px;\">2. Sie werden mit einem vollst\u00e4ndigen und gesunden K\u00f6rper wiedergeboren.<\/p>\n<p style=\"padding-left: 40px;\">3. Sie werden mit strahlender und sch\u00f6ner Haut und einem hellen und gl\u00fccklichen Bewusstsein wiedergeboren.<\/p>\n<p style=\"padding-left: 40px;\">4. Sie werden reichlich Wohlstand haben und m\u00fcssen nicht leiden, um ihren Wohlstand zu verdienen.<\/p>\n<p style=\"padding-left: 40px;\">5. Sie werden in der Lage sein, ihren Reichtum gut zu nutzen, um mehr Verdienste in Vorbereitung auf ihr n\u00e4chstes Leben zu erwerben.<\/p>\n<p style=\"padding-left: 40px;\">6. Wenn sie diese Welt verlassen, werden sie zumindest in den Himmel kommen.<\/p>\n<p><img loading=\"lazy\" decoding=\"async\" class=\"size-full wp-image-519 aligncenter\" src=\"https:\/\/www.buddhistpedia.org\/th\/wp-content\/uploads\/sites\/2\/2021\/10\/image007.jpg\" alt=\"\" width=\"1896\" height=\"894\" \/><\/p>\n<h3><span style=\"color: #ffffff;\"><strong><span style=\"background-color: #ff9900;\">\u00a0Warum f\u00fchrt die Schenkung der Ka\u1e6dhina-Roben zu gro\u00dfem Pu\u00f1\u00f1a?\u00a0<\/span><\/strong><\/span><\/h3>\n<p>Die zus\u00e4tzlichen Gr\u00fcnde, warum das Schenken der Ka\u1e6dhina-Roben zu gro\u00dfem Pu\u00f1\u00f1a f\u00fchrt sind seine Anforderungen und Beschr\u00e4nkungen, die diese Tat auch von anderen heilsamen Taten unterscheiden.<\/p>\n<p>1. Zeitliche Begrenzung: Die Kathina-Robe muss innerhalb eines Monats nach dem Ende der buddhistischen Regenzeit dargebracht werden. Es handelt sich also um eine zeitlich begrenzte Schenkung.<\/p>\n<p>2. Limitation der Schenkung: Die Schenkung muss f\u00fcr den gesamten Sangha (M\u00f6nchsgemeinschaft) sein und nicht f\u00fcr einen bestimmten M\u00f6nch wie bei anderen Schenkungen.<\/p>\n<p>3. Limitierte Gelegenheit: Die Schenkung findet f\u00fcr jeden Tempel nur einmal im Jahr statt.<\/p>\n<p>4. Begrenzung des Empf\u00e4ngers: Damit ein Tempel die Kathina-Schenkung erh\u00e4lt, m\u00fcssen mindestens f\u00fcnf M\u00f6nche die dreimonatige Regenzeit in diesem Tempel verbringen. Die 5 M\u00f6nche m\u00fcssen die Roben-Schenkung gemeinsam empfangen.<\/p>\n<p>5. Besondere Frist: Der M\u00f6nch, der die Robe erhalten soll, muss die Kathina Khandhaka Zeremonie an diesem Tag durchf\u00fchren und kann das Ritual nicht auf den n\u00e4chsten Tag oder einen anderen Tag verschieben.<\/p>\n<p>6. Spezifische Schenkung: Die Kathina-Robe muss eine der drei Roben f\u00fcr M\u00f6nche sein.<\/p>\n<p>7. Der Wunsch von Buddha: Die Schenkung der Kathina-Robe geht auf den Wunsch von Buddha selbst zur\u00fcck. Alle anderen Arten von Schenkungen, wie z.B. die Regenschauer-Robe, gehen auf den Wunsch von Laien zur\u00fcck, die den Buddha um die Erlaubnis baten, eine solche Schenkung darzubringen.<\/p>\n<p>8. Besonderes Pu\u00f1\u00f1a: Die reine spirituelle Energie, die aus der Darbringung der Kathina-Robe kommt sowohl den Laien zugute, die die Robe darbringen, als auch dem Sangha, der die Darbringung erh\u00e4lt und sich an ihrem Pu\u00f1\u00f1a erfreut.<\/p>\n<p>Wir sehen, dass die Schenkung der Kathina-Robe ein besonderes Pu\u00f1\u00f1a mit vielen Anforderungen ist. Dies macht es sowohl f\u00fcr den Geber als auch f\u00fcr den Empf\u00e4nger ziemlich einzigartig. Au\u00dferdem bringt sie einen gro\u00dfen Nutzen f\u00fcr den Tempel, der die Zeremonie durchf\u00fchrt. Aufgrund der Beliebtheit der Kathina-Zeremonie kann dieses Ereignis in der Regel eine gro\u00dfe Menge an Spenden einbringen, die f\u00fcr die Instandhaltung und den Unterhalt des Tempels verwendet werden k\u00f6nnen. Dies tr\u00e4gt dazu bei, den betreffenden Tempel f\u00fcr die M\u00f6nche lebenswerter zu machen und Laien die M\u00f6glichkeit zu geben, die Lehren Buddhas zu lernen und zu praktizieren. <br \/><img loading=\"lazy\" decoding=\"async\" class=\"size-full wp-image-520 aligncenter\" src=\"https:\/\/www.buddhistpedia.org\/th\/wp-content\/uploads\/sites\/2\/2021\/10\/image009-scaled.jpg\" alt=\"\" width=\"2560\" height=\"937\" \/><\/p>\n<h3><span style=\"color: #ffffff;\"><strong><span style=\"background-color: #ff9900;\">\u00a0Aktivit\u00e4ten zum Kathina-Fest im Wat Phra Dhammakaya\u00a0<\/span><\/strong><\/span><\/h3>\n<p>Der Dhammakaya-Tempel organisiert die Schenkung der Kathina-Robe am Sonntag, dem 6. November 2022. In der Vergangenheit reiste eine gro\u00dfe Anzahl von Anh\u00e4ngern aus dem ganzen Land und sogar aus \u00dcbersee zum Tempel, um an diesem Ereignis teilzunehmen. Angesichts der Beschr\u00e4nkungen f\u00fcr gro\u00dfe Versammlungen aufgrund der COVID-19-Pandemie wird der Dhammakaya-Tempel die Besucher jedoch nicht pers\u00f6nlich empfangen, sondern die Zeremonie live \u00fcber die Online-Meeting-Anwendung ZOOM abhalten. Auf diese Weise k\u00f6nnen die Menschen von \u00fcberall auf der Welt an der Zeremonie teilnehmen, indem sie sich einfach einloggen und ihre Kamera einschalten. Diejenigen, die teilnehmen, werden Seite an Seite auf einem gro\u00dfen Monitor im Tempel angezeigt, der w\u00e4hrend der Live-\u00dcbertragung gezeigt wird. So entsteht ein Gef\u00fchl der Einheit, als ob wir alle gemeinsam an der Zeremonie teilnehmen k\u00f6nnten. Das Pu\u00f1\u00f1a und der innere Frieden, die von allen Teilnehmern erzeugt werden, werden sowohl dem Leben jedes Einzelnen zugutekommen als auch einen Beitrag zur L\u00f6sung dieser globalen Krise leisten. Laden Sie einen Freund ein und kommen Sie zu uns auf Zoom, um an diesem besonderen Ereignis teilzunehmen!<\/p>\n<\/div><\/div><\/div><\/div><\/div><\/div><div id=\"tdi_14\" class=\"tdc-row stretch_row_1200 td-stretch-content\"><div class=\"vc_row tdi_15  wpb_row td-pb-row\" >\n<style scoped>\n\/* custom css - generated by TagDiv Composer *\/\n\n\/* custom css - generated by TagDiv Composer *\/\n.tdi_15,\r\n                .tdi_15 .tdc-columns{\r\n                    min-height: 0;\r\n                }.tdi_15,\r\n\t\t\t\t.tdi_15 .tdc-columns{\r\n\t\t\t\t    display: block;\r\n\t\t\t\t}.tdi_15 .tdc-columns{\r\n\t\t\t\t    width: 100%;\r\n\t\t\t\t}.tdi_15:before,\r\n\t\t\t\t.tdi_15:after{\r\n\t\t\t\t    display: table;\r\n\t\t\t\t}\n\/* inline tdc_css att - generated by TagDiv Composer *\/\n\n.tdi_15{\nmargin-top:60px !important;\n}\n\n.tdi_15 .td_block_wrap{ text-align:left }\n\n\/* phone *\/\n@media (max-width: 767px)\n{\n.tdi_15{\nmargin-top:-30px !important;\n}\n}\n\n\/* portrait *\/\n@media (min-width: 768px) and (max-width: 1018px)\n{\n.tdi_15{\nmargin-top:-20px !important;\n}\n}\n\n\/* landscape *\/\n@media (min-width: 1019px) and (max-width: 1140px)\n{\n.tdi_15{\nmargin-top:-20px !important;\n}\n}\n\n<\/style><div class=\"vc_column tdi_17  wpb_column vc_column_container tdc-column td-pb-span12\">\n<style scoped>\n\/* custom css - generated by TagDiv Composer *\/\n\n\/* custom css - generated by TagDiv Composer *\/\n.tdi_17{\r\n                    vertical-align: baseline;\r\n                }.tdi_17 > .wpb_wrapper,\r\n\t\t\t\t.tdi_17 > .wpb_wrapper > .tdc-elements{\r\n\t\t\t\t    display: block;\r\n\t\t\t\t}.tdi_17 > .wpb_wrapper > .tdc-elements{\r\n\t\t\t\t    width: 100%;\r\n\t\t\t\t}.tdi_17 > .wpb_wrapper > .vc_row_inner{\r\n\t\t\t\t    width: auto;\r\n\t\t\t\t}.tdi_17 > .wpb_wrapper{\r\n\t\t\t\t    width: auto;\r\n\t\t\t\t    height: auto;\r\n\t\t\t\t}\n<\/style><div class=\"wpb_wrapper\" ><\/div><\/div><\/div><\/div><\/div><\/div>","protected":false},"excerpt":{"rendered":"","protected":false},"author":1,"featured_media":0,"parent":0,"menu_order":0,"comment_status":"closed","ping_status":"closed","template":"","meta":{"footnotes":""},"class_list":["post-340","page","type-page","status-publish"],"amp_enabled":true,"_links":{"self":[{"href":"https:\/\/www.buddhistpedia.org\/de\/wp-json\/wp\/v2\/pages\/340","targetHints":{"allow":["GET"]}}],"collection":[{"href":"https:\/\/www.buddhistpedia.org\/de\/wp-json\/wp\/v2\/pages"}],"about":[{"href":"https:\/\/www.buddhistpedia.org\/de\/wp-json\/wp\/v2\/types\/page"}],"author":[{"embeddable":true,"href":"https:\/\/www.buddhistpedia.org\/de\/wp-json\/wp\/v2\/users\/1"}],"replies":[{"embeddable":true,"href":"https:\/\/www.buddhistpedia.org\/de\/wp-json\/wp\/v2\/comments?post=340"}],"version-history":[{"count":9,"href":"https:\/\/www.buddhistpedia.org\/de\/wp-json\/wp\/v2\/pages\/340\/revisions"}],"predecessor-version":[{"id":431,"href":"https:\/\/www.buddhistpedia.org\/de\/wp-json\/wp\/v2\/pages\/340\/revisions\/431"}],"wp:attachment":[{"href":"https:\/\/www.buddhistpedia.org\/de\/wp-json\/wp\/v2\/media?parent=340"}],"curies":[{"name":"wp","href":"https:\/\/api.w.org\/{rel}","templated":true}]}}