{"id":419,"date":"2022-07-21T10:18:51","date_gmt":"2022-07-21T03:18:51","guid":{"rendered":"https:\/\/www.buddhistpedia.org\/de\/?page_id=419"},"modified":"2022-07-21T10:21:23","modified_gmt":"2022-07-21T03:21:23","slug":"weltmeditationstag","status":"publish","type":"page","link":"https:\/\/www.buddhistpedia.org\/de\/weltmeditationstag\/","title":{"rendered":"Weltmeditationstag"},"content":{"rendered":"<div id=\"tdi_1\" class=\"tdc-zone\"><div class=\"tdc_zone tdi_2  wpb_row td-pb-row\"  >\n<style scoped>\n\/* custom css - generated by TagDiv Composer *\/\n\n\/* custom css - generated by TagDiv Composer *\/\n.tdi_2{\r\n                    min-height: 100vh;\r\n                }\n<\/style><div id=\"tdi_3\" class=\"tdc-row stretch_row_1800 td-stretch-content\"><div class=\"vc_row tdi_4  wpb_row td-pb-row\" >\n<style scoped>\n\/* custom css - generated by TagDiv Composer *\/\n\n\/* custom css - generated by TagDiv Composer *\/\n.tdi_4,\r\n                .tdi_4 .tdc-columns{\r\n                    min-height: 0;\r\n                }.tdi_4,\r\n\t\t\t\t.tdi_4 .tdc-columns{\r\n\t\t\t\t    display: block;\r\n\t\t\t\t}.tdi_4 .tdc-columns{\r\n\t\t\t\t    width: 100%;\r\n\t\t\t\t}.tdi_4:before,\r\n\t\t\t\t.tdi_4:after{\r\n\t\t\t\t    display: table;\r\n\t\t\t\t}\n\/* inline tdc_css att - generated by TagDiv Composer *\/\n\n.tdi_4{\nmargin-top:60px !important;\n}\n\n.tdi_4 .td_block_wrap{ text-align:left }\n\n\/* phone *\/\n@media (max-width: 767px)\n{\n.tdi_4{\nmargin-top:-30px !important;\n}\n}\n\n\/* landscape *\/\n@media (min-width: 1019px) and (max-width: 1140px)\n{\n.tdi_4{\nmargin-top:-20px !important;\n}\n}\n\n<\/style><div class=\"vc_column tdi_6  wpb_column vc_column_container tdc-column td-pb-span12\">\n<style scoped>\n\/* custom css - generated by TagDiv Composer *\/\n\n\/* custom css - generated by TagDiv Composer *\/\n.tdi_6{\r\n                    vertical-align: baseline;\r\n                }.tdi_6 > .wpb_wrapper,\r\n\t\t\t\t.tdi_6 > .wpb_wrapper > .tdc-elements{\r\n\t\t\t\t    display: block;\r\n\t\t\t\t}.tdi_6 > .wpb_wrapper > .tdc-elements{\r\n\t\t\t\t    width: 100%;\r\n\t\t\t\t}.tdi_6 > .wpb_wrapper > .vc_row_inner{\r\n\t\t\t\t    width: auto;\r\n\t\t\t\t}.tdi_6 > .wpb_wrapper{\r\n\t\t\t\t    width: auto;\r\n\t\t\t\t    height: auto;\r\n\t\t\t\t}\n<\/style><div class=\"wpb_wrapper\" ><div class=\"wpb_wrapper td_block_empty_space td_block_wrap vc_empty_space tdi_8 \"  style=\"height: 32px\"><\/div><div class=\"tdm_block td_block_wrap tdm_block_column_title tdi_9 tdm-content-horiz-center td-pb-border-top td_block_template_1\"  data-td-block-uid=\"tdi_9\" >\n<style>\n\n\/* inline tdc_css att - generated by TagDiv Composer *\/\n\n.tdi_9{\nposition:relative;\n}\n\n\/* landscape *\/\n@media (min-width: 1019px) and (max-width: 1140px)\n{\n.tdi_9{\nmargin-top:70px !important;\n}\n}\n\n<\/style>\n<style>\n\/* custom css - generated by TagDiv Composer *\/\n.tdm_block_column_title{\r\n                  margin-bottom: 0;\r\n                  display: inline-block;\r\n                  width: 100%;\r\n                }\n<\/style>\n<div class=\"tdi_9_rand_style td-element-style\"><style>\n.tdi_9_rand_style{\nbackground-color:rgba(30,115,190,0.7) !important;\n}\n <\/style><\/div><div class=\"td-block-row\"><div class=\"td-block-span12 tdm-col\">\n<style>\n\/* custom css - generated by TagDiv Composer *\/\nbody .tdi_10 .tdm-title{\r\n\t\t\t\t\tcolor: #ffffff;\r\n\t\t\t\t}.tdi_10 .tdm-title{\r\n\t\t\t\t\tfont-size:60px !important;line-height:1 !important;\r\n\t\t\t\t}\n\n\/* landscape *\/\n@media (min-width: 1019px) and (max-width: 1140px){\n.tdi_10 .tdm-title{\r\n\t\t\t\t\tfont-size:50px !important;\r\n\t\t\t\t}\n}\n\n\/* portrait *\/\n@media (min-width: 768px) and (max-width: 1018px){\n.tdi_10 .tdm-title{\r\n\t\t\t\t\tfont-size:50px !important;\r\n\t\t\t\t}\n}\n\n\/* phone *\/\n@media (max-width: 767px){\n.tdi_10 .tdm-title{\r\n\t\t\t\t\tfont-size:30px !important;\r\n\t\t\t\t}\n}\n<\/style><div class=\"tds-title tds-title1 td-fix-index tdi_10 \"><h3 class=\"tdm-title tdm-title-md\">Weltmeditationstag<\/h3><\/div><\/div><\/div><\/div><div class=\"td_block_wrap td_block_text_with_title tdi_11 tagdiv-type td-pb-border-top td_block_template_18\"  data-td-block-uid=\"tdi_11\" >\n<style>\n\/* custom css - generated by TagDiv Composer *\/\n.td_block_text_with_title{\r\n                  margin-bottom: 44px;\r\n                  -webkit-transform: translateZ(0);\r\n                  transform: translateZ(0);\r\n                }.td_block_text_with_title p:last-child{\r\n                  margin-bottom: 0;\r\n                }.tdi_11 h4{\r\n\t\t\t        font-size:26px !important;font-weight:700 !important;text-transform:none !important;letter-spacing:2px !important;\r\n\t\t        }\n\n\/* phone *\/\n@media (max-width: 767px){\n.tdi_11 h4{\r\n\t\t\t        font-size:18px !important;font-weight:400 !important;letter-spacing:1px !important;\r\n\t\t        }\n}\n<\/style><div class=\"td-block-title-wrap\"><\/div><div class=\"td_mod_wrap td-fix-index\"><p><img loading=\"lazy\" decoding=\"async\" class=\"alignnone size-full wp-image-712\" src=\"https:\/\/www.buddhistpedia.org\/th\/wp-content\/uploads\/sites\/2\/2022\/07\/world-meditation-day-1-scaled.jpg\" alt=\"\" width=\"2560\" height=\"829\"><\/p>\n<\/div><\/div><\/div><\/div><\/div><\/div><div id=\"tdi_12\" class=\"tdc-row stretch_row_1800 td-stretch-content\"><div class=\"vc_row tdi_13  wpb_row td-pb-row\" >\n<style scoped>\n\/* custom css - generated by TagDiv Composer *\/\n\n\/* custom css - generated by TagDiv Composer *\/\n.tdi_13,\r\n                .tdi_13 .tdc-columns{\r\n                    min-height: 0;\r\n                }.tdi_13,\r\n\t\t\t\t.tdi_13 .tdc-columns{\r\n\t\t\t\t    display: block;\r\n\t\t\t\t}.tdi_13 .tdc-columns{\r\n\t\t\t\t    width: 100%;\r\n\t\t\t\t}.tdi_13:before,\r\n\t\t\t\t.tdi_13:after{\r\n\t\t\t\t    display: table;\r\n\t\t\t\t}\n<\/style><div class=\"vc_column tdi_15  wpb_column vc_column_container tdc-column td-pb-span12\">\n<style scoped>\n\/* custom css - generated by TagDiv Composer *\/\n\n\/* custom css - generated by TagDiv Composer *\/\n.tdi_15{\r\n                    vertical-align: baseline;\r\n                }.tdi_15 > .wpb_wrapper,\r\n\t\t\t\t.tdi_15 > .wpb_wrapper > .tdc-elements{\r\n\t\t\t\t    display: block;\r\n\t\t\t\t}.tdi_15 > .wpb_wrapper > .tdc-elements{\r\n\t\t\t\t    width: 100%;\r\n\t\t\t\t}.tdi_15 > .wpb_wrapper > .vc_row_inner{\r\n\t\t\t\t    width: auto;\r\n\t\t\t\t}.tdi_15 > .wpb_wrapper{\r\n\t\t\t\t    width: auto;\r\n\t\t\t\t    height: auto;\r\n\t\t\t\t}\n<\/style><div class=\"wpb_wrapper\" ><div class=\"td_block_wrap td_block_text_with_title tdi_16 tagdiv-type td-pb-border-top td_block_template_1\"  data-td-block-uid=\"tdi_16\" ><div class=\"td-block-title-wrap\"><\/div><div class=\"td_mod_wrap td-fix-index\"><h3><span style=\"color: #ffffff; background-color: #00ccff;\"><strong>\u00a0Hintergrund\u00a0<\/strong><\/span><\/h3>\n<p>Der gr\u00f6\u00dfte Schaden f\u00fcr die Menschheit ist der &#8220;Krieg&#8221;, der von uns Menschen selbst verursacht wird. In der gesamten Geschichte der Menschheit hat es nie eine Periode gegeben, die v\u00f6llig frei von Krieg war. &#8220;Frieden&#8221; ist das, wonach die Menschen immer gesucht haben.<\/p>\n<p>Am 6. August 1945 wurde die verheerenste Atombombe der Menschheitsgeschichte auf \u00a0Hiroshima abgeworfen, was den Tod von Hunderttausenden von Menschen zur Folge hatte. Die schmerzlichen Ereignisse des Zweiten Weltkriegs haben ein Bewusstsein f\u00fcr die enorme Gefahr eines Krieges geschaffen. Infolgedessen wurde eine zentrale Organisation zur Erhaltung des Friedens f\u00fcr die internationale Gemeinschaft, n\u00e4mlich die Vereinten Nationen, gegr\u00fcndet.<\/p>\n<p>Auf dem Treffen der World Fellowship of Young Buddhists im Jahr 1988 wurde eine Diskussion \u00fcber Meditation und Frieden angesto\u00dfen. Da Meditation universell ist und jeder sie praktizieren und selbst Frieden erfahren kann, erkl\u00e4rte die Weltgemeinschaft junger Buddhisten, den 6. August eines jeden Jahres, zum Weltmeditationstag, um die Menschen zu inspirieren, durch Meditation Frieden in ihrem eigenen Bewusstsein zu erlangen, was zu friedlichen Gemeinschaften und schlie\u00dflich zum Weltfrieden f\u00fchren kann.<\/p>\n<p><img loading=\"lazy\" decoding=\"async\" class=\"alignnone size-full wp-image-713\" src=\"https:\/\/www.buddhistpedia.org\/th\/wp-content\/uploads\/sites\/2\/2022\/07\/world-meditation-day-2-scaled.jpg\" alt=\"\" width=\"2560\" height=\"829\" \/><\/p>\n<h3>Lasst uns Teil der Geschichte sein und den &#8220;Weltfrieden durch inneren Frieden&#8221; verwirklichen<\/h3>\n<p>Weltfrieden beginnt mit innerem Frieden, der durch Meditation leicht erreicht werden kann. Gruppenmeditation in gro\u00dfer Zahl kann eine enorme Kraft erzeugen, die gute Energie in der ganzen Welt verbreiten kann.<\/p>\n<p>Sie sind eingeladen, &#8220;Weltfrieden durch inneren Frieden&#8221; zu verwirklichen, indem Sie Fotos von sich selbst in einer Meditationsposition einreichen. Die eingesandten Fotos werden f\u00fcr den &#8220;Rekord von einer Million Bilder von meditierenden Menschen&#8221; zusammengestellt, um den Guinness-Weltrekord aufzustellen.<\/p>\n<p>Vorgaben<\/p>\n<p>1. Machen Sie eine Ganzk\u00f6rperaufnahme von sich selbst in der Meditationsposition sitzend und in angemessener Kleidung.<\/p>\n<p>2. Ihr Name muss nicht angegeben werden. Foto ohne Namen.<\/p>\n<p>3. Reichen Sie keine \u00fcberfl\u00fcssigen Fotos oder urheberrechtlich gesch\u00fctzte Fotos ein, die nicht Ihnen geh\u00f6ren.<\/p>\n<p>Von jetzt an bis zum 6. August 2022 k\u00f6nnen Sie Ihr(e) Foto(s) auf www.meditationphoto.com<\/p>\n<p>\u00a0hochladen.<\/p>\n<p><img loading=\"lazy\" decoding=\"async\" class=\"alignnone size-full wp-image-714\" src=\"https:\/\/www.buddhistpedia.org\/th\/wp-content\/uploads\/sites\/2\/2022\/07\/world-meditation-day-3-scaled.jpg\" alt=\"\" width=\"2560\" height=\"829\" \/><\/p>\n<h3><span style=\"color: #ffffff; background-color: #00ccff;\"><strong>\u00a0Aktivit\u00e4ten im Wat Phra Dhammakaya\u00a0<\/strong><\/span><\/h3>\n<p>Der Wat Phra Dhammakaya organisiert jedes Jahr Aktivit\u00e4ten zum Weltmeditationstag. Dieses Jahr ist der 7. August der erste Sonntag des Monats, der mit der wichtigen monatlichen Versammlung des Tempels zusammenf\u00e4llt. Daher m\u00f6chten wir alle Menschen, egal wo sie leben, inspirieren, am 7. August gemeinsam zu meditieren. Der Weltmeditationstag kann als der Tag des Weltfriedens betrachtet werden. Wenn das Bewusstsein des Menschen konzentriert und v\u00f6llig ruhig in der Mitte des K\u00f6rpers ist, erlangt er inneren Frieden. Wenn die ganze Menschheit inneren Frieden erlangen kann, dann kann auch Frieden entstehen. Meditation ist daher das Bindeglied f\u00fcr wahren Weltfrieden.<\/p>\n<\/div><\/div><\/div><\/div><\/div><\/div><\/div><\/div>","protected":false},"excerpt":{"rendered":"","protected":false},"author":1,"featured_media":0,"parent":0,"menu_order":0,"comment_status":"closed","ping_status":"closed","template":"","meta":{"footnotes":""},"class_list":["post-419","page","type-page","status-publish"],"amp_enabled":true,"_links":{"self":[{"href":"https:\/\/www.buddhistpedia.org\/de\/wp-json\/wp\/v2\/pages\/419","targetHints":{"allow":["GET"]}}],"collection":[{"href":"https:\/\/www.buddhistpedia.org\/de\/wp-json\/wp\/v2\/pages"}],"about":[{"href":"https:\/\/www.buddhistpedia.org\/de\/wp-json\/wp\/v2\/types\/page"}],"author":[{"embeddable":true,"href":"https:\/\/www.buddhistpedia.org\/de\/wp-json\/wp\/v2\/users\/1"}],"replies":[{"embeddable":true,"href":"https:\/\/www.buddhistpedia.org\/de\/wp-json\/wp\/v2\/comments?post=419"}],"version-history":[{"count":3,"href":"https:\/\/www.buddhistpedia.org\/de\/wp-json\/wp\/v2\/pages\/419\/revisions"}],"predecessor-version":[{"id":423,"href":"https:\/\/www.buddhistpedia.org\/de\/wp-json\/wp\/v2\/pages\/419\/revisions\/423"}],"wp:attachment":[{"href":"https:\/\/www.buddhistpedia.org\/de\/wp-json\/wp\/v2\/media?parent=419"}],"curies":[{"name":"wp","href":"https:\/\/api.w.org\/{rel}","templated":true}]}}