{"id":408,"date":"2021-10-19T16:13:29","date_gmt":"2021-10-19T09:13:29","guid":{"rendered":"https:\/\/www.buddhistpedia.org\/fr\/?page_id=408"},"modified":"2022-10-27T08:54:26","modified_gmt":"2022-10-27T01:54:26","slug":"ceremonie-doffrande-de-la-robe-kathina","status":"publish","type":"page","link":"https:\/\/www.buddhistpedia.org\/fr\/ceremonie-doffrande-de-la-robe-kathina\/","title":{"rendered":"C\u00e9r\u00e9monie d&#8217;offrande de la robe Kathina"},"content":{"rendered":"<div id=\"tdi_1\" class=\"tdc-zone\"><div class=\"tdc_zone tdi_2  wpb_row td-pb-row\"  >\n<style scoped>\n\/* custom css - generated by TagDiv Composer *\/\n\n\/* custom css - generated by TagDiv Composer *\/\n.tdi_2{\r\n                    min-height: 100vh;\r\n                }\n<\/style><div id=\"tdi_3\" class=\"tdc-row stretch_row_1800 td-stretch-content\"><div class=\"vc_row tdi_4  wpb_row td-pb-row\" >\n<style scoped>\n\/* custom css - generated by TagDiv Composer *\/\n\n\/* custom css - generated by TagDiv Composer *\/\n.tdi_4,\r\n                .tdi_4 .tdc-columns{\r\n                    min-height: 0;\r\n                }.tdi_4,\r\n\t\t\t\t.tdi_4 .tdc-columns{\r\n\t\t\t\t    display: block;\r\n\t\t\t\t}.tdi_4 .tdc-columns{\r\n\t\t\t\t    width: 100%;\r\n\t\t\t\t}.tdi_4:before,\r\n\t\t\t\t.tdi_4:after{\r\n\t\t\t\t    display: table;\r\n\t\t\t\t}\n\/* inline tdc_css att - generated by TagDiv Composer *\/\n\n.tdi_4{\nmargin-top:60px !important;\n}\n\n.tdi_4 .td_block_wrap{ text-align:left }\n\n\/* phone *\/\n@media (max-width: 767px)\n{\n.tdi_4{\nmargin-top:-30px !important;\n}\n}\n\n\/* landscape *\/\n@media (min-width: 1019px) and (max-width: 1140px)\n{\n.tdi_4{\nmargin-top:-20px !important;\n}\n}\n\n<\/style><div class=\"vc_column tdi_6  wpb_column vc_column_container tdc-column td-pb-span12\">\n<style scoped>\n\/* custom css - generated by TagDiv Composer *\/\n\n\/* custom css - generated by TagDiv Composer *\/\n.tdi_6{\r\n                    vertical-align: baseline;\r\n                }.tdi_6 > .wpb_wrapper,\r\n\t\t\t\t.tdi_6 > .wpb_wrapper > .tdc-elements{\r\n\t\t\t\t    display: block;\r\n\t\t\t\t}.tdi_6 > .wpb_wrapper > .tdc-elements{\r\n\t\t\t\t    width: 100%;\r\n\t\t\t\t}.tdi_6 > .wpb_wrapper > .vc_row_inner{\r\n\t\t\t\t    width: auto;\r\n\t\t\t\t}.tdi_6 > .wpb_wrapper{\r\n\t\t\t\t    width: auto;\r\n\t\t\t\t    height: auto;\r\n\t\t\t\t}\n<\/style><div class=\"wpb_wrapper\" ><div class=\"wpb_wrapper td_block_empty_space td_block_wrap vc_empty_space tdi_8 \"  style=\"height: 32px\"><\/div><div class=\"tdm_block td_block_wrap tdm_block_column_title tdi_9 tdm-content-horiz-center td-pb-border-top td_block_template_1\"  data-td-block-uid=\"tdi_9\" >\n<style>\n\n\/* inline tdc_css att - generated by TagDiv Composer *\/\n\n.tdi_9{\nposition:relative;\n}\n\n\/* landscape *\/\n@media (min-width: 1019px) and (max-width: 1140px)\n{\n.tdi_9{\nmargin-top:70px !important;\n}\n}\n\n<\/style>\n<style>\n\/* custom css - generated by TagDiv Composer *\/\n.tdm_block_column_title{\r\n                  margin-bottom: 0;\r\n                  display: inline-block;\r\n                  width: 100%;\r\n                }\n<\/style>\n<div class=\"tdi_9_rand_style td-element-style\"><style>\n.tdi_9_rand_style{\nbackground-color:#ff9900 !important;\n}\n <\/style><\/div><div class=\"td-block-row\"><div class=\"td-block-span12 tdm-col\">\n<style>\n\/* custom css - generated by TagDiv Composer *\/\nbody .tdi_10 .tdm-title{\r\n\t\t\t\t\tcolor: #ffffff;\r\n\t\t\t\t}.tdi_10 .tdm-title{\r\n\t\t\t\t\tfont-size:60px !important;line-height:1 !important;\r\n\t\t\t\t}\n\n\/* landscape *\/\n@media (min-width: 1019px) and (max-width: 1140px){\n.tdi_10 .tdm-title{\r\n\t\t\t\t\tfont-size:40px !important;\r\n\t\t\t\t}\n}\n\n\/* portrait *\/\n@media (min-width: 768px) and (max-width: 1018px){\n.tdi_10 .tdm-title{\r\n\t\t\t\t\tfont-size:40px !important;\r\n\t\t\t\t}\n}\n\n\/* phone *\/\n@media (max-width: 767px){\n.tdi_10 .tdm-title{\r\n\t\t\t\t\tfont-size:40px !important;\r\n\t\t\t\t}\n}\n<\/style><div class=\"tds-title tds-title1 td-fix-index tdi_10 \"><h3 class=\"tdm-title tdm-title-md\">C\u00e9r\u00e9monie d'offrande de la robe Kathina<\/h3><\/div><\/div><\/div><\/div><div class=\"tdm_block td_block_wrap tdm_block_column_title tdi_11 tdm-content-horiz-center td-pb-border-top td_block_template_1\"  data-td-block-uid=\"tdi_11\" >\n<style>\n\n\/* inline tdc_css att - generated by TagDiv Composer *\/\n\n.tdi_11{\nposition:relative;\n}\n\n<\/style>\n<div class=\"tdi_11_rand_style td-element-style\"><style>\n.tdi_11_rand_style{\nbackground-color:rgba(255,153,0,0) !important;\n}\n <\/style><\/div><div class=\"td-block-row\"><div class=\"td-block-span12 tdm-col\">\n<style>\n\/* custom css - generated by TagDiv Composer *\/\nbody .tdi_12 .tdm-title{\r\n\t\t\t\t\tcolor: rgba(0,0,0,0.77);\r\n\t\t\t\t}.tdi_12 .tdm-title{\r\n\t\t\t\t\tfont-size:40px !important;line-height:1 !important;\r\n\t\t\t\t}\n\n\/* landscape *\/\n@media (min-width: 1019px) and (max-width: 1140px){\n.tdi_12 .tdm-title{\r\n\t\t\t\t\tfont-size:30px !important;\r\n\t\t\t\t}\n}\n\n\/* portrait *\/\n@media (min-width: 768px) and (max-width: 1018px){\n.tdi_12 .tdm-title{\r\n\t\t\t\t\tfont-size:30px !important;\r\n\t\t\t\t}\n}\n\n\/* phone *\/\n@media (max-width: 767px){\n.tdi_12 .tdm-title{\r\n\t\t\t\t\tfont-size:30px !important;\r\n\t\t\t\t}\n}\n<\/style><div class=\"tds-title tds-title1 td-fix-index tdi_12 \"><h3 class=\"tdm-title tdm-title-md\">Grande offre limit\u00e9e dans le temps<\/h3><\/div><\/div><\/div><\/div><div class=\"td_block_wrap td_block_text_with_title tdi_13 tagdiv-type td-pb-border-top td_block_template_18\"  data-td-block-uid=\"tdi_13\" >\n<style>\n\/* custom css - generated by TagDiv Composer *\/\n.td_block_text_with_title{\r\n                  margin-bottom: 44px;\r\n                  -webkit-transform: translateZ(0);\r\n                  transform: translateZ(0);\r\n                }.td_block_text_with_title p:last-child{\r\n                  margin-bottom: 0;\r\n                }.tdi_13 h4{\r\n\t\t\t        font-size:28px !important;font-weight:700 !important;text-transform:none !important;letter-spacing:2px !important;\r\n\t\t        }\n\n\/* phone *\/\n@media (max-width: 767px){\n.tdi_13 h4{\r\n\t\t\t        font-size:18px !important;font-weight:400 !important;letter-spacing:1px !important;\r\n\t\t        }\n}\n<\/style><div class=\"td-block-title-wrap\"><\/div><div class=\"td_mod_wrap td-fix-index\"><p><img loading=\"lazy\" decoding=\"async\" class=\"alignnone size-full wp-image-516\" src=\"https:\/\/www.buddhistpedia.org\/th\/wp-content\/uploads\/sites\/2\/2021\/10\/image001.jpg\" alt=\"\" width=\"1896\" height=\"894\" \/><\/p>\n<h3><span style=\"color: #ffffff;\"><strong><span style=\"background-color: #ff9900;\">\u00a0Grande offre limit\u00e9e dans le temps\u00a0<\/span><\/strong><\/span><\/h3>\n<p>La c\u00e9r\u00e9monie d&#8217;offrande de la robe Kathina est l&#8217;une des traditions les plus importantes du bouddhisme. Ses origines remontent \u00e0 l&#8217;\u00e9poque du Bouddha, il y a plus de 2 500 ans, et les fid\u00e8les bouddhistes du monde entier se rendent chaque ann\u00e9e dans leurs temples pr\u00e9f\u00e9r\u00e9s pour faire du m\u00e9rite lors de cet \u00e9v\u00e9nement annuel. Chaque temple est autoris\u00e9 \u00e0 organiser sa c\u00e9r\u00e9monie Kathina respective un jour au cours d&#8217;une p\u00e9riode d&#8217;un mois qui suit la fin de la retraite bouddhiste des pluies, entre le 1er jour de la 11e lune d\u00e9croissante et le 15e jour de la 12e lune croissante.<\/p>\n<p>La retraite des pluies est une p\u00e9riode de trois mois pendant laquelle les moines restent au m\u00eame endroit pour se concentrer assid\u00fbment sur leur pratique spirituelle. Cette p\u00e9riode d&#8217;entra\u00eenement intensif incite les la\u00efcs \u00e0 venir soutenir la Sangha pour applaudir leurs efforts d&#8217;auto-purification. Comme les bouddhistes croient que la puret\u00e9 du receveur augmente le m\u00e9rite g\u00e9n\u00e9r\u00e9 par l&#8217;acte de g\u00e9n\u00e9rosit\u00e9, le m\u00e9rite r\u00e9sultant de l&#8217;offrande de la robe Kathina est incommensurable. C&#8217;est l&#8217;une des nombreuses raisons pour lesquelles la c\u00e9r\u00e9monie Kathina est si populaire et constitue g\u00e9n\u00e9ralement la plus grande c\u00e9r\u00e9monie de l&#8217;ann\u00e9e pour les temples de pays comme la Tha\u00eflande.<\/p>\n<p><img loading=\"lazy\" decoding=\"async\" class=\"alignnone size-full wp-image-526\" src=\"https:\/\/www.buddhistpedia.org\/th\/wp-content\/uploads\/sites\/2\/2021\/10\/image004.jpg\" alt=\"\" width=\"1896\" height=\"894\" \/><\/p>\n<h3><span style=\"color: #ffffff;\"><strong><span style=\"background-color: #ff9900;\">\u00a0Le contexte historique de l&#8217;offrande de la robe Ka\u1e6dhina\u00a0<\/span><\/strong><\/span><\/h3>\n<p>Alors que le Bouddha r\u00e9sidait au temple de Jetavana \u00e0 Shravasti, un groupe de trente moines voyageait depuis Patha pour rendre visite au Bouddha. Apr\u00e8s s&#8217;\u00eatre arr\u00eat\u00e9s \u00e0 mi-chemin pour observer la retraite des pluies de trois mois \u00e0 Saket, qui se trouvait \u00e0 environ 96 kilom\u00e8tres de Shravasti, ils se sont d\u00e9p\u00each\u00e9s de partir pour voir le Bouddha. Cependant, la saison des pluies n&#8217;\u00e9tait pas encore termin\u00e9e \u00e0 ce moment-l\u00e0.<\/p>\n<p>Les routes \u00e9taient donc boueuses \u00e0 cause de l&#8217;eau de pluie, ce qui rendait le voyage assez difficile. Lorsqu&#8217;ils atteignirent le temple de Jetavana, les moines all\u00e8rent voir le Bouddha avec des robes us\u00e9es et tach\u00e9es de boue. Apr\u00e8s avoir vu ce groupe de moines et le pi\u00e8tre \u00e9tat de leurs v\u00eatements, le Bouddha a d\u00e9cid\u00e9 qu&#8217;\u00e0 partir de ce moment, les moines qui observent la retraite des pluies de trois mois peuvent recevoir une nouvelle robe des la\u00efcs fid\u00e8les. C&#8217;est cette situation qui a conduit \u00e0 la cr\u00e9ation de la c\u00e9r\u00e9monie d&#8217;offrande de la robe Kathina, qui est rest\u00e9e intacte jusqu&#8217;\u00e0 ce jour.\u00a0<\/p>\n<p><img loading=\"lazy\" decoding=\"async\" class=\"alignnone size-full wp-image-527\" src=\"https:\/\/www.buddhistpedia.org\/th\/wp-content\/uploads\/sites\/2\/2021\/10\/image006.jpg\" alt=\"\" width=\"1896\" height=\"689\" \/><\/p>\n<h3><span style=\"color: #ffffff;\"><strong><span style=\"background-color: #ff9900;\">\u00a0R\u00e9sultat du m\u00e9rite de l&#8217;offrande de la robe Ka\u1e6dhina\u00a0<\/span><\/strong><\/span><\/h3>\n<p><strong>Pour les la\u00efcs:<\/strong> les la\u00efcs qui offrent la robe Kathina ou participent \u00e0 la c\u00e9r\u00e9monie recevront un grand m\u00e9rite.<\/p>\n<p><strong>Pour le Sangha:<\/strong> \u00a0selon Vinayapitaka, un moine qui re\u00e7oit la robe Kathina obtiendra \u00e9galement une grande quantit\u00e9 de m\u00e9rite.<\/p>\n<p>Le r\u00e9sultat du m\u00e9rite de l&#8217;offrande de la robe Ka\u1e6dhina pour les la\u00efcs et les moines participants peut \u00eatre r\u00e9sum\u00e9 comme suit :<\/p>\n<p style=\"padding-left: 40px;\">1. Ils rena\u00eetront dans une famille saine avec une vue juste, de l&#8217;honneur et de la renomm\u00e9e.<\/p>\n<p style=\"padding-left: 40px;\">2. Ils rena\u00eetront avec un corps entier et sain.<\/p>\n<p style=\"padding-left: 40px;\">3. Ils rena\u00eetront avec une peau radieuse et belle et un esprit brillant et heureux.<\/p>\n<p style=\"padding-left: 40px;\">4. Ils auront une grande richesse et n&#8217;auront pas \u00e0 souffrir pour la gagner.<\/p>\n<p style=\"padding-left: 40px;\">5. Ils seront en mesure de bien utiliser leur richesse pour faire plus de m\u00e9rite en pr\u00e9paration de leur prochaine vie.<\/p>\n<p style=\"padding-left: 40px;\">6. Lorsqu&#8217;ils quitteront ce monde, ils iront au ciel au minimum.<\/p>\n<p><img loading=\"lazy\" decoding=\"async\" class=\"size-full wp-image-519 aligncenter\" src=\"https:\/\/www.buddhistpedia.org\/th\/wp-content\/uploads\/sites\/2\/2021\/10\/image007.jpg\" alt=\"\" width=\"1896\" height=\"894\" \/><\/p>\n<h3><span style=\"color: #ffffff;\"><strong><span style=\"background-color: #ff9900;\">\u00a0Pourquoi l&#8217;offrande de la robe Ka\u1e6dhina donne-t-elle lieu \u00e0 de grands m\u00e9rites ?\u00a0<\/span><\/strong><\/span><\/h3>\n<p>Les raisons suppl\u00e9mentaires pour lesquelles l&#8217;offrande de la robe de Ka\u1e6dhina peut entra\u00eener un grand m\u00e9rite sont ses exigences et ses limites, qui diff\u00e9rencient \u00e9galement cet acte des autres actes sains.<\/p>\n<p style=\"padding-left: 40px;\">1. Limite de temps : La robe Kathina doit \u00eatre offerte dans un d\u00e9lai d&#8217;un mois apr\u00e8s la fin du car\u00eame bouddhique. Il s&#8217;agit donc d&#8217;une offrande limit\u00e9e dans le temps.<\/p>\n<p style=\"padding-left: 40px;\">2. Limitation de l&#8217;offrande : L&#8217;offrande doit \u00eatre destin\u00e9e \u00e0 l&#8217;ensemble de la Sangha et non \u00e0 un moine en particulier comme d&#8217;autres offrandes.<\/p>\n<p style=\"padding-left: 40px;\">3. Nombre de fois limit\u00e9 : L&#8217;offrande n&#8217;a lieu qu&#8217;une fois par temple et par an.<\/p>\n<p style=\"padding-left: 40px;\">4. Limitation du nombre de destinataires : Pour qu&#8217;un temple puisse recevoir l&#8217;offrande Kathina, il doit y avoir au moins cinq moines qui observent la retraite pluviale de trois mois dans ce temple. Les 5 moines doivent recevoir l&#8217;offrande de robe ensemble.<\/p>\n<p style=\"padding-left: 40px;\">5. D\u00e9lai sp\u00e9cifique : Pour le moine qui est d\u00e9sign\u00e9 pour recevoir la robe, il doit accomplir le Kathina Khandhaka dans la journ\u00e9e et ne peut reporter le rituel au lendemain ou \u00e0 un autre jour.<\/p>\n<p style=\"padding-left: 40px;\">6. Sp\u00e9cificit\u00e9 de l&#8217;offrande : La robe Kathina doit \u00eatre l&#8217;une des trois robes des moines.<\/p>\n<p style=\"padding-left: 40px;\">7. Le souhait du Bouddha : L&#8217;offrande de la robe Kathina provient du souhait du Bouddha lui-m\u00eame. Tous les autres types d&#8217;offrandes, par exemple : la robe de pluie, proviennent du souhait de la\u00efcs qui ont demand\u00e9 au Bouddha la permission de faire une telle offrande.<\/p>\n<p style=\"padding-left: 40px;\">8. M\u00e9rite sp\u00e9cial : Le m\u00e9rite de l&#8217;offrande de la robe Kathina profite \u00e0 la fois aux la\u00efcs qui offrent la robe et au Sangha qui re\u00e7oit l&#8217;offrande et se r\u00e9jouit de son m\u00e9rite.<\/p>\n<p>Nous voyons que le don de la robe Kathina est une pu\u00f1\u00f1a sp\u00e9ciale avec de nombreuses exigences. Cela le rend tout \u00e0 fait unique, tant pour celui qui le donne que pour celui qui le re\u00e7oit. Elle apporte \u00e9galement un grand b\u00e9n\u00e9fice au temple qui organise la c\u00e9r\u00e9monie. En raison de la popularit\u00e9 de la c\u00e9r\u00e9monie Kathina, cet \u00e9v\u00e9nement permet g\u00e9n\u00e9ralement de r\u00e9colter une grande quantit\u00e9 de dons qui peuvent \u00eatre utilis\u00e9s pour la maintenance et l&#8217;entretien du temple. Cela contribue \u00e0 rendre le temple en question plus vivable pour les moines et \u00e0 donner aux la\u00efcs la possibilit\u00e9 d&#8217;apprendre et de pratiquer les enseignements du Bouddha. <img loading=\"lazy\" decoding=\"async\" class=\"size-full wp-image-520 aligncenter\" src=\"https:\/\/www.buddhistpedia.org\/th\/wp-content\/uploads\/sites\/2\/2021\/10\/image009-scaled.jpg\" alt=\"\" width=\"2560\" height=\"937\" \/><\/p>\n<h3><span style=\"color: #ffffff;\"><strong><span style=\"background-color: #ff9900;\">\u00a0Activit\u00e9s de la c\u00e9r\u00e9monie Kathina au Wat Phra Dhammakaya\u00a0<\/span><\/strong><\/span><\/h3>\n<p>Le temple Dhammakaya organise la remise de la robe Kathina le vendredi 6 novembre 2022. Par le pass\u00e9, un grand nombre de fid\u00e8les se sont rendus au temple de tout le pays et m\u00eame de l&#8217;\u00e9tranger pour participer \u00e0 cet \u00e9v\u00e9nement. Toutefois, compte tenu des restrictions impos\u00e9es aux grands rassemblements en raison de la pand\u00e9mie de COVID-19, le temple Dhammakaya ne recevra pas de visiteurs en personne, mais organisera la c\u00e9r\u00e9monie en direct via l&#8217;application de r\u00e9union en ligne ZOOM. Ainsi, les gens peuvent assister \u00e0 la c\u00e9r\u00e9monie de n&#8217;importe o\u00f9 dans le monde en se connectant simplement et en allumant leur appareil photo. Les personnes pr\u00e9sentes sont affich\u00e9es c\u00f4te \u00e0 c\u00f4te sur un grand \u00e9cran dans le temple, qui est montr\u00e9 pendant la diffusion en direct. Cela cr\u00e9e un sentiment d&#8217;unit\u00e9, comme si nous pouvions tous participer \u00e0 la c\u00e9r\u00e9monie ensemble. La pu\u00f1\u00f1a et la paix int\u00e9rieure g\u00e9n\u00e9r\u00e9es par tous les participants b\u00e9n\u00e9ficieront \u00e0 la fois \u00e0 la vie de chacun et contribueront \u00e0 la r\u00e9solution de cette crise mondiale. Invitez un ami et rejoignez-nous sur Zoom pour participer \u00e0 cet \u00e9v\u00e9nement sp\u00e9cial !<\/p>\n<\/div><\/div><\/div><\/div><\/div><\/div><div id=\"tdi_14\" class=\"tdc-row stretch_row_1200 td-stretch-content\"><div class=\"vc_row tdi_15  wpb_row td-pb-row\" >\n<style scoped>\n\/* custom css - generated by TagDiv Composer *\/\n\n\/* custom css - generated by TagDiv Composer *\/\n.tdi_15,\r\n                .tdi_15 .tdc-columns{\r\n                    min-height: 0;\r\n                }.tdi_15,\r\n\t\t\t\t.tdi_15 .tdc-columns{\r\n\t\t\t\t    display: block;\r\n\t\t\t\t}.tdi_15 .tdc-columns{\r\n\t\t\t\t    width: 100%;\r\n\t\t\t\t}.tdi_15:before,\r\n\t\t\t\t.tdi_15:after{\r\n\t\t\t\t    display: table;\r\n\t\t\t\t}\n\/* inline tdc_css att - generated by TagDiv Composer *\/\n\n.tdi_15{\nmargin-top:60px !important;\n}\n\n.tdi_15 .td_block_wrap{ text-align:left }\n\n\/* phone *\/\n@media (max-width: 767px)\n{\n.tdi_15{\nmargin-top:-30px !important;\n}\n}\n\n\/* portrait *\/\n@media (min-width: 768px) and (max-width: 1018px)\n{\n.tdi_15{\nmargin-top:-20px !important;\n}\n}\n\n\/* landscape *\/\n@media (min-width: 1019px) and (max-width: 1140px)\n{\n.tdi_15{\nmargin-top:-20px !important;\n}\n}\n\n<\/style><div class=\"vc_column tdi_17  wpb_column vc_column_container tdc-column td-pb-span12\">\n<style scoped>\n\/* custom css - generated by TagDiv Composer *\/\n\n\/* custom css - generated by TagDiv Composer *\/\n.tdi_17{\r\n                    vertical-align: baseline;\r\n                }.tdi_17 > .wpb_wrapper,\r\n\t\t\t\t.tdi_17 > .wpb_wrapper > .tdc-elements{\r\n\t\t\t\t    display: block;\r\n\t\t\t\t}.tdi_17 > .wpb_wrapper > .tdc-elements{\r\n\t\t\t\t    width: 100%;\r\n\t\t\t\t}.tdi_17 > .wpb_wrapper > .vc_row_inner{\r\n\t\t\t\t    width: auto;\r\n\t\t\t\t}.tdi_17 > .wpb_wrapper{\r\n\t\t\t\t    width: auto;\r\n\t\t\t\t    height: auto;\r\n\t\t\t\t}\n<\/style><div class=\"wpb_wrapper\" ><\/div><\/div><\/div><\/div><\/div><\/div>","protected":false},"excerpt":{"rendered":"","protected":false},"author":1,"featured_media":0,"parent":0,"menu_order":0,"comment_status":"closed","ping_status":"closed","template":"","meta":{"footnotes":""},"class_list":["post-408","page","type-page","status-publish"],"amp_enabled":true,"_links":{"self":[{"href":"https:\/\/www.buddhistpedia.org\/fr\/wp-json\/wp\/v2\/pages\/408","targetHints":{"allow":["GET"]}}],"collection":[{"href":"https:\/\/www.buddhistpedia.org\/fr\/wp-json\/wp\/v2\/pages"}],"about":[{"href":"https:\/\/www.buddhistpedia.org\/fr\/wp-json\/wp\/v2\/types\/page"}],"author":[{"embeddable":true,"href":"https:\/\/www.buddhistpedia.org\/fr\/wp-json\/wp\/v2\/users\/1"}],"replies":[{"embeddable":true,"href":"https:\/\/www.buddhistpedia.org\/fr\/wp-json\/wp\/v2\/comments?post=408"}],"version-history":[{"count":8,"href":"https:\/\/www.buddhistpedia.org\/fr\/wp-json\/wp\/v2\/pages\/408\/revisions"}],"predecessor-version":[{"id":489,"href":"https:\/\/www.buddhistpedia.org\/fr\/wp-json\/wp\/v2\/pages\/408\/revisions\/489"}],"wp:attachment":[{"href":"https:\/\/www.buddhistpedia.org\/fr\/wp-json\/wp\/v2\/media?parent=408"}],"curies":[{"name":"wp","href":"https:\/\/api.w.org\/{rel}","templated":true}]}}