{"id":428,"date":"2021-12-15T17:56:59","date_gmt":"2021-12-15T10:56:59","guid":{"rendered":"https:\/\/www.buddhistpedia.org\/fr\/?page_id=428"},"modified":"2021-12-15T19:28:29","modified_gmt":"2021-12-15T12:28:29","slug":"les-roles-de-luangpor-dattajeevo-dans-letablissement-du-wat-phra-dhammakaya","status":"publish","type":"page","link":"https:\/\/www.buddhistpedia.org\/fr\/les-roles-de-luangpor-dattajeevo-dans-letablissement-du-wat-phra-dhammakaya\/","title":{"rendered":"Les r\u00f4les de Luangpor Dattajeevo dans l&#8217;\u00e9tablissement du Wat Phra Dhammakaya"},"content":{"rendered":"<div id=\"tdi_1\" class=\"tdc-zone\"><div class=\"tdc_zone tdi_2  wpb_row td-pb-row\"  >\n<style scoped>\n\/* custom css - generated by TagDiv Composer *\/\n\n\/* custom css - generated by TagDiv Composer *\/\n.tdi_2{\r\n                    min-height: 100vh;\r\n                }\n<\/style><div id=\"tdi_3\" class=\"tdc-row stretch_row_1800 td-stretch-content\"><div class=\"vc_row tdi_4  wpb_row td-pb-row\" >\n<style scoped>\n\/* custom css - generated by TagDiv Composer *\/\n\n\/* custom css - generated by TagDiv Composer *\/\n.tdi_4,\r\n                .tdi_4 .tdc-columns{\r\n                    min-height: 0;\r\n                }.tdi_4,\r\n\t\t\t\t.tdi_4 .tdc-columns{\r\n\t\t\t\t    display: block;\r\n\t\t\t\t}.tdi_4 .tdc-columns{\r\n\t\t\t\t    width: 100%;\r\n\t\t\t\t}.tdi_4:before,\r\n\t\t\t\t.tdi_4:after{\r\n\t\t\t\t    display: table;\r\n\t\t\t\t}\n\/* inline tdc_css att - generated by TagDiv Composer *\/\n\n.tdi_4{\nmargin-top:60px !important;\n}\n\n.tdi_4 .td_block_wrap{ text-align:left }\n\n\/* phone *\/\n@media (max-width: 767px)\n{\n.tdi_4{\nmargin-top:-30px !important;\n}\n}\n\n\/* landscape *\/\n@media (min-width: 1019px) and (max-width: 1140px)\n{\n.tdi_4{\nmargin-top:-20px !important;\n}\n}\n\n<\/style><div class=\"vc_column tdi_6  wpb_column vc_column_container tdc-column td-pb-span12\">\n<style scoped>\n\/* custom css - generated by TagDiv Composer *\/\n\n\/* custom css - generated by TagDiv Composer *\/\n.tdi_6{\r\n                    vertical-align: baseline;\r\n                }.tdi_6 > .wpb_wrapper,\r\n\t\t\t\t.tdi_6 > .wpb_wrapper > .tdc-elements{\r\n\t\t\t\t    display: block;\r\n\t\t\t\t}.tdi_6 > .wpb_wrapper > .tdc-elements{\r\n\t\t\t\t    width: 100%;\r\n\t\t\t\t}.tdi_6 > .wpb_wrapper > .vc_row_inner{\r\n\t\t\t\t    width: auto;\r\n\t\t\t\t}.tdi_6 > .wpb_wrapper{\r\n\t\t\t\t    width: auto;\r\n\t\t\t\t    height: auto;\r\n\t\t\t\t}\n<\/style><div class=\"wpb_wrapper\" ><div class=\"wpb_wrapper td_block_empty_space td_block_wrap vc_empty_space tdi_8 \"  style=\"height: 32px\"><\/div><div class=\"tdm_block td_block_wrap tdm_block_column_title tdi_9 tdm-content-horiz-center td-pb-border-top td_block_template_1\"  data-td-block-uid=\"tdi_9\" >\n<style>\n\n\/* inline tdc_css att - generated by TagDiv Composer *\/\n\n.tdi_9{\nposition:relative;\n}\n\n\/* landscape *\/\n@media (min-width: 1019px) and (max-width: 1140px)\n{\n.tdi_9{\nmargin-top:70px !important;\n}\n}\n\n<\/style>\n<style>\n\/* custom css - generated by TagDiv Composer *\/\n.tdm_block_column_title{\r\n                  margin-bottom: 0;\r\n                  display: inline-block;\r\n                  width: 100%;\r\n                }\n<\/style>\n<div class=\"tdi_9_rand_style td-element-style\"><style>\n.tdi_9_rand_style{\nbackground-color:#ff9900 !important;\n}\n <\/style><\/div><div class=\"td-block-row\"><div class=\"td-block-span12 tdm-col\">\n<style>\n\/* custom css - generated by TagDiv Composer *\/\nbody .tdi_10 .tdm-title{\r\n\t\t\t\t\tcolor: #ffffff;\r\n\t\t\t\t}.tdi_10 .tdm-title{\r\n\t\t\t\t\tfont-size:40px !important;line-height:1 !important;\r\n\t\t\t\t}\n\n\/* portrait *\/\n@media (min-width: 768px) and (max-width: 1018px){\n.tdi_10 .tdm-title{\r\n\t\t\t\t\tfont-size:30px !important;\r\n\t\t\t\t}\n}\n\n\/* phone *\/\n@media (max-width: 767px){\n.tdi_10 .tdm-title{\r\n\t\t\t\t\tfont-size:26px !important;\r\n\t\t\t\t}\n}\n<\/style><div class=\"tds-title tds-title1 td-fix-index tdi_10 \"><h3 class=\"tdm-title tdm-title-md\">Les r\u00f4les de Luangpor Dattajeevo dans l'\u00e9tablissement du Wat Phra Dhammakaya<\/h3><\/div><\/div><\/div><\/div><div class=\"td_block_wrap td_block_text_with_title tdi_11 tagdiv-type td-pb-border-top td_block_template_18\"  data-td-block-uid=\"tdi_11\" >\n<style>\n\/* custom css - generated by TagDiv Composer *\/\n.td_block_text_with_title{\r\n                  margin-bottom: 44px;\r\n                  -webkit-transform: translateZ(0);\r\n                  transform: translateZ(0);\r\n                }.td_block_text_with_title p:last-child{\r\n                  margin-bottom: 0;\r\n                }.tdi_11 h4{\r\n\t\t\t        font-size:28px !important;font-weight:700 !important;text-transform:none !important;letter-spacing:2px !important;\r\n\t\t        }\n\n\/* phone *\/\n@media (max-width: 767px){\n.tdi_11 h4{\r\n\t\t\t        font-size:18px !important;font-weight:400 !important;letter-spacing:1px !important;\r\n\t\t        }\n}\n<\/style><div class=\"td-block-title-wrap\"><\/div><div class=\"td_mod_wrap td-fix-index\"><p><img loading=\"lazy\" decoding=\"async\" class=\"alignnone size-full wp-image-608\" src=\"https:\/\/www.buddhistpedia.org\/th\/wp-content\/uploads\/sites\/2\/2021\/12\/image001_n.jpg\" alt=\"\" width=\"1920\" height=\"702\" \/><\/p>\n<p>La d\u00e9termination des pionniers de la fondation d&#8217;un temple (Luangpor Dattajeevo \u00e9tait l&#8217;un d&#8217;entre eux) \u00e9tait de cultiver la moralit\u00e9 des gens afin de cr\u00e9er la paix dans le monde. Par cons\u00e9quent, les principes importants de la fondation du temple \u00e9taient initialement fix\u00e9s comme suit:<\/p>\n<ol>\n<li>Construire un temple propre et paisible o\u00f9 les gens peuvent \u00e9tudier et pratiquer le Dhamma.<\/li>\n<li>Former des moines capables de suivre gracieusement les pratiques, les mani\u00e8res et les vertus monastiques bouddhistes, respect\u00e9s fid\u00e8lement par le public, et capables d&#8217;enseigner la moralit\u00e9 au public.<\/li>\n<li>Former des personnes vertueuses, moralement responsables d&#8217;elles-m\u00eames, de leur famille et de la soci\u00e9t\u00e9.<\/li>\n<\/ol>\n<p>Pour cette raison, le Wat Phra Dhammakaya s&#8217;est concentr\u00e9 sur l&#8217;enseignement du Dhamma en th\u00e9orie et en pratique aux moines, aux novices et aux la\u00efcs qui souhaitent \u00e9tudier le Dhamma tout au long de leur vie, et a mis l&#8217;accent sur la propret\u00e9, la paix et la tranquillit\u00e9. La politique principale de construction des infrastructures est bas\u00e9e sur la n\u00e9cessit\u00e9, la rentabilit\u00e9, la propret\u00e9, la durabilit\u00e9 et l&#8217;utilisation. Les diverses activit\u00e9s du temple ont \u00e9t\u00e9 \u00e9troitement supervis\u00e9es par Luangpor Dattajeevo jusqu&#8217;\u00e0 ce que les objectifs finaux soient atteints.<\/p>\n<p>La politique du Wat Phra Dhammakaya s&#8217;est concentr\u00e9e sur la culture de la moralit\u00e9 plut\u00f4t que d&#8217;\u00eatre un simple lieu religieux ou un lieu de rituels, comme l&#8217;a dit un jour Luangpor Dattajeevo : &#8220;Le temple est une \u00e9cole d&#8217;enseignement moral pour le public&#8221;. M\u00eame pour un grand nombre de personnes, si elles sont enseign\u00e9es et form\u00e9es correctement, nous pouvons les int\u00e9resser \u00e0 poursuivre l&#8217;\u00e9tude et la pratique du Dhamma pour en tirer des b\u00e9n\u00e9fices tout au long de leur vie, en particulier pour les jeunes afin qu&#8217;ils restent \u00e9loign\u00e9s des distractions morales et des drogues.\u00a0<\/p>\n<p>\u00a0<\/p>\n<p><img loading=\"lazy\" decoding=\"async\" class=\"alignnone size-full wp-image-609\" src=\"https:\/\/www.buddhistpedia.org\/th\/wp-content\/uploads\/sites\/2\/2021\/12\/image003_n.jpg\" alt=\"\" width=\"1920\" height=\"702\" \/><\/p>\n<h3><span style=\"color: #ffffff;\"><strong><span style=\"background-color: #ff9900;\">\u00a0Luangpor Dattajeevo et l&#8217;agrandissement des locaux du Wat Phra Dhammakaya\u00a0<\/span><\/strong><\/span><\/h3>\n<p>Pendant la construction du temple, parall\u00e8lement \u00e0 la propagation du Dhamma, de plus en plus de fid\u00e8les sont venus pratiquer le Dhamma, de quelques dizaines \u00e0 quelques centaines, de quelques centaines \u00e0 quelques milliers, de quelques milliers \u00e0 quelques dizaines de milliers. Au fur et \u00e0 mesure que le nombre de fid\u00e8les augmentait, la responsabilit\u00e9 de Luangpor Dattajeevo dans le temple s&#8217;est accrue.<\/p>\n<p>En 1984, environ 20 000 personnes se rendaient au temple les jours importants pour le bouddhisme, ce qui remplissait de monde le terrain original de 77 acres du Wat Phra Dhammakaya. Un groupe de fid\u00e8les a sugg\u00e9r\u00e9 que le temple soit agrandi pour accueillir un nombre croissant de fid\u00e8les. Les moines ont accept\u00e9 cette id\u00e9e et ont consult\u00e9 Luangpor Dattajeevo, pr\u00e9sident de la Fondation Dhammakaya \u00e0 l&#8217;\u00e9poque. Luangpor Dattajeevo a donc jou\u00e9 un r\u00f4le important dans l&#8217;acquisition d&#8217;un terrain suppl\u00e9mentaire de 800 acres adjacent au temple au nom de la Fondation. Gr\u00e2ce aux dons de personnes qui voyaient les avantages de l&#8217;apprentissage et de la pratique du Dhamma, ce terrain a \u00e9t\u00e9 achet\u00e9 dans l&#8217;intention de rassembler les bouddhistes qui souhaitaient apprendre le Dhamma et pratiquer la m\u00e9ditation ensemble dans un endroit paisible, et d&#8217;utiliser les installations pour les affaires religieuses de la Sangha g\u00e9n\u00e9rale.<\/p>\n<p>La zone \u00e9largie est utilis\u00e9e depuis 1985 et de plus en plus de fid\u00e8les viennent y apprendre le Dhamma et la m\u00e9ditation. En 1999, on comptait plus de 100 000 fid\u00e8les lors des jours religieux importants. Des b\u00e2timents et des installations ont \u00e9t\u00e9 progressivement construits en fonction des besoins, notamment le Phra Maha Dhammakaya Cetiya (le stoupa pour un million de statues de Bouddha) qui peut accueillir un million de fid\u00e8les. Dans tous ces projets, Luangpor Dattajeevo s&#8217;est d\u00e9vou\u00e9 activement en termes de force physique, d&#8217;intelligence, de connaissances et de capacit\u00e9s pour les superviser \u00e9troitement du d\u00e9but \u00e0 la fin.<\/p>\n<p>Outre son amour profond pour l&#8217;apprentissage et la pratique du Dhamma et son d\u00e9vouement aux affaires religieuses, Luangpor Dattajeevo est une personne qui a beaucoup de respect, d&#8217;amour et de gratitude envers ses professeurs. Ce qui a \u00e9t\u00e9 consid\u00e9r\u00e9 comme un ordre ou un d\u00e9sir d&#8217;un enseignant, il s&#8217;est port\u00e9 volontaire pour le faire avec son effort inlassable. En raison de son caract\u00e8re personnel tr\u00e8s responsable envers les autres, Luangpor Dattajeevo a pris part \u00e0 divers projets, quelle que soit leur taille.<\/p>\n<p>Ainsi, il est juste de dire qu&#8217;\u00e0 part Khun Yai Chand Konnokyoong et Luangpor Dhammjayo, le Wat Phra Dhammakaya ne serait pas le Wat Phra Dhammakaya d&#8217;aujourd&#8217;hui sans Luangpor Dattajeevo.<\/p>\n<p>\u00a0<\/p>\n<h3><img loading=\"lazy\" decoding=\"async\" class=\"alignnone size-full wp-image-610\" src=\"https:\/\/www.buddhistpedia.org\/th\/wp-content\/uploads\/sites\/2\/2021\/12\/image005_n.jpg\" alt=\"\" width=\"1920\" height=\"702\" \/><\/h3>\n<h3><span style=\"color: #ffffff;\"><strong><span style=\"background-color: #ff9900;\">\u00a0Formation des moines et des novices\u00a0<\/span><\/strong><\/span><\/h3>\n<p><strong>Moines<\/strong><\/p>\n<p>Charg\u00e9 par Luangpor Dhammajayo de l&#8217;\u00e9ducation et de la formation des moines et des novices du temple, Luangpor Dattajeevo a consacr\u00e9 \u00e9norm\u00e9ment de temps et d&#8217;efforts \u00e0 la cr\u00e9ation de &#8220;vrais moines&#8221;.\u00a0 Les moines permanents du Wat Phra Dhammakaya proviennent de trois voies diff\u00e9rentes :<\/p>\n<ol>\n<li>Des la\u00efcs sous conditions &#8220;Ubasaka&#8221; qui ont \u00e9t\u00e9 form\u00e9s pendant au moins 5 ans et ont re\u00e7u la permission du Sangha et du comit\u00e9 Ubasaka pour \u00eatre ordonn\u00e9s. La premi\u00e8re ordination de la\u00efc Ubasaka a eu lieu en 1972.<\/li>\n<li>Les moines qui ont \u00e9t\u00e9 ordonn\u00e9s dans le cadre de divers programmes d&#8217;ordination \u00e0 court terme du Wat Phra Dhammakaya, tels que le &#8220;Programme d&#8217;ordination Dhammadayada&#8221; et le &#8220;Programme d&#8217;ordination en l&#8217;honneur du Grand Ma\u00eetre&#8221;, et qui ont suivi un programme de formation de trois ans pour les nouveaux moines du Wat Phra Dhammakaya. Le temple a commenc\u00e9 \u00e0 accepter des moines de cette mani\u00e8re depuis 1985.<\/li>\n<li>Les novices du Wat Phra Dhammakaya qui sont en \u00e2ge de devenir moines. Les novices sont ordonn\u00e9s moines au temple depuis 1989.<\/li>\n<\/ol>\n<p><strong>Formation des nouveaux moines<\/strong><\/p>\n<p>Outre l&#8217;\u00e9tude des enseignements du Seigneur Bouddha, chaque nouveau moine est form\u00e9 \u00e0 comprendre pleinement l&#8217;id\u00e9ologie de l&#8217;ordination, \u00e0 suivre gracieusement les pratiques et les mani\u00e8res convenant aux moines, \u00e0 pratiquer la m\u00e9ditation de mani\u00e8re continue, \u00e0 g\u00e9rer de mani\u00e8re appropri\u00e9e les besoins fondamentaux (nourriture, v\u00eatements, logement et articles de sant\u00e9) et \u00e0 d\u00e9velopper des comp\u00e9tences utiles \u00e0 la propagation du bouddhisme. Les domaines de formation sont les suivants :<\/p>\n<p>&#8211; La m\u00e9ditation en pratique<\/p>\n<p>&#8211; Pratiques et mani\u00e8res des moines<\/p>\n<p>&#8211; Disciplines et ordonnances<\/p>\n<p>&#8211; \u00c9tudes bouddhiques : Niveau 1, 2 et 3<\/p>\n<p>&#8211; 38 B\u00e9n\u00e9dictions<\/p>\n<p>&#8211; Vie du Bouddha et principes g\u00e9n\u00e9raux du Dhamma tir\u00e9s du Tipitaka<\/p>\n<p>&#8211; \u00c9tudes du Tipitaka<\/p>\n<p>&#8211; Pali de base<\/p>\n<p>&#8211; Wat Phra Dhammakaya : Pass\u00e9 et pr\u00e9sent<\/p>\n<p>&#8211; Comp\u00e9tences pour la propagation du bouddhisme<\/p>\n<p>&#8211; Apprendre et travailler dans les diff\u00e9rents d\u00e9partements du Wat Phra Dhammakaya.<\/p>\n<p>Apr\u00e8s trois ans de formation, chaque nouveau moine sera \u00e9valu\u00e9 et accept\u00e9 comme moine permanent et se verra confier des t\u00e2ches ou des projets tels que des missions (en \u00e9tant moine enseignant pour la m\u00e9ditation ou les le\u00e7ons de Dhamma), des travaux \u00e9ducatifs, des travaux universitaires, la supervision de la construction et la gestion dans divers domaines du temple. En plus d&#8217;assumer un certain type de responsabilit\u00e9, chaque moine permanent doit poursuivre son \u00e9tude du Dhamma et du Pali ainsi que sa pratique de la m\u00e9ditation afin de se former et de s&#8217;am\u00e9liorer.<\/p>\n<p><strong>Novices<\/strong><\/p>\n<p>Il existe deux voies principales pour devenir novice au Wat Phra Dhammakaya. Environ 70 % des novices sont ceux qui ont r\u00e9ussi la formation des novices dans le cadre du programme d&#8217;ordination Dhammadayada pour les enfants et qui souhaitent rester novices, tandis que 30 % viennent des branches du Wat Phra Dhammakaya et d&#8217;autres temples. Chaque novice doit suivre une ann\u00e9e compl\u00e8te de formation pour nouveau novice avant d&#8217;\u00eatre accept\u00e9 comme novice permanent au Wat Phra Dhammakaya.<\/p>\n<p><strong>Formation des novices<\/strong><\/p>\n<p>Chaque novice est form\u00e9 dans les domaines suivants :<\/p>\n<ol>\n<li>Respect du Bouddha, du Dharma et de la Sangha.<\/li>\n<li>L&#8217;observation stricte des pr\u00e9ceptes<\/li>\n<li>Pratiques et mani\u00e8res convenant aux novices et aux r\u00e8gles du temple.<\/li>\n<li>Le travail en \u00e9quipe<\/li>\n<li>Utilisation optimale des articles offerts par les la\u00efcs.<\/li>\n<\/ol>\n<p>Ces jeunes novices ont d\u00fb quitter leur foyer et leur famille pour vivre dans le temple selon les r\u00e8gles bouddhistes et celles du temple. Les enfants de cet \u00e2ge ont besoin d&#8217;amour et d&#8217;attention, de conseils et de soutien, physiquement et mentalement. Luangpor Dattajeevo a compris les sentiments et les besoins de ces novices. Par cons\u00e9quent, il a trouv\u00e9 le temps de les rencontrer et de leur enseigner, il a pr\u00eat\u00e9 une grande attention aux soins de sant\u00e9 et aux conditions de vie des novices, et il les a encourag\u00e9s \u00e0 faire de leur mieux pour atteindre l&#8217;objectif de l&#8217;ordination.<\/p>\n<p>\u00a0<img loading=\"lazy\" decoding=\"async\" class=\"alignnone size-full wp-image-611\" src=\"https:\/\/www.buddhistpedia.org\/th\/wp-content\/uploads\/sites\/2\/2021\/12\/image007_n.jpg\" alt=\"\" width=\"1920\" height=\"702\" \/><\/p>\n<h3><span style=\"color: #ffffff;\"><strong><span style=\"background-color: #ff9900;\">\u00a0D\u00e9veloppement du personnel\u00a0<\/span><\/strong><\/span><\/h3>\n<p>Luangpor Dattajeevo a toujours accord\u00e9 une grande priorit\u00e9 au d\u00e9veloppement des personnes. Bien qu&#8217;il s&#8217;agisse de sa premi\u00e8re ann\u00e9e de monast\u00e8re et du d\u00e9but de la construction du temple, qui a demand\u00e9 \u00e9norm\u00e9ment de temps et d&#8217;\u00e9nergie, il a d\u00e9j\u00e0 lanc\u00e9 le &#8220;Programme de formation d&#8217;\u00e9t\u00e9 Dhammadayada&#8221;. Commen\u00e7ant avec 50 \u00e9tudiants masculins en 1972, le nombre de stagiaires a augment\u00e9 au cours des ann\u00e9es suivantes. \u00c0 ce jour, des dizaines de milliers d&#8217;\u00e9tudiants qui ont suivi cette formation morale ont obtenu leur dipl\u00f4me et exercent diff\u00e9rentes professions dans tout le pays avec un haut niveau de moralit\u00e9, conform\u00e9ment au principe selon lequel une personne instruite ne doit pas seulement avoir des connaissances, mais aussi \u00eatre dot\u00e9e de moralit\u00e9, de concentration et de sagesse. Pendant pr\u00e8s de cinq d\u00e9cennies, Luangpor Dattajeevo a inculqu\u00e9 la moralit\u00e9 \u00e0 de nombreux dipl\u00f4m\u00e9s. Il l&#8217;a fait avec d\u00e9vouement et pers\u00e9v\u00e9rance, car il avait la vision que le d\u00e9veloppement des personnes contribuerait au d\u00e9veloppement du pays.<\/p>\n<p>Outre le &#8220;Summer Dhammadayada Training Program&#8221;, plusieurs programmes de formation morale ont \u00e9t\u00e9 lanc\u00e9s pour convenir \u00e0 diff\u00e9rents groupes de personnes, tels que<\/p>\n<p>o Programme d&#8217;ordination Dhammadayada pour les enfants<\/p>\n<p>o Programme d&#8217;ordination Dhammadayada pour les adolescents<\/p>\n<p>o Programme cr\u00e9atif pour les jeunes<\/p>\n<p>o Programme de l&#8217;ami vertueux (Kalayanamitra) pour les jeunes<\/p>\n<p>o Programmes de formation morale pour les \u00e9tudiants<\/p>\n<p>o Programmes de formation pour les travailleurs du gouvernement, les soldats, la police et les employ\u00e9s d&#8217;organisation<\/p>\n<p>o Pr\u00eache du Dhamma le dimanche et les jours religieux importants<\/p>\n<p>Ces diverses activit\u00e9s ont \u00e9t\u00e9 supervis\u00e9es de pr\u00e8s par Luangpor Dattajeevo.<\/p>\n<p>En outre, Luangpor Dattajeevo a \u00e9crit plusieurs livres sur les le\u00e7ons de formation pour soi-m\u00eame, la famille, le groupe et l&#8217;organisation sous diff\u00e9rents aspects, en se basant sur le Dhamma qu&#8217;il a \u00e9tudi\u00e9 dans le Tipitaka et sur les exp\u00e9riences d&#8217;enseignement du Dhamma au cours des derni\u00e8res d\u00e9cennies :<\/p>\n<p>&#8211; Les vrais moines<\/p>\n<p>&#8211; 38 B\u00e9n\u00e9dictions<\/p>\n<p>&#8211; Vertus du Bouddha, du Dharma et de la Sangha<\/p>\n<p>&#8211; La foi<\/p>\n<p>&#8211; Le manuel du bouddhiste<\/p>\n<p>&#8211; Le respect permet d&#8217;atteindre le summum du dhamma<\/p>\n<p>&#8211; \u00catre fid\u00e8le \u00e0 la bont\u00e9, au pouvoir de changer le monde<\/p>\n<p>&#8211; et autres<\/p>\n<p>Luangpor Dattajeevo s&#8217;est enti\u00e8rement consacr\u00e9 \u00e0 pr\u00eacher le Dhamma au public dans le but de cultiver le Dharma, qui est la connaissance v\u00e9ridique, dans le c\u0153ur des gens dans le monde.<\/p>\n<p>\u00a0<\/p>\n<p><img loading=\"lazy\" decoding=\"async\" class=\"alignnone size-full wp-image-612\" src=\"https:\/\/www.buddhistpedia.org\/th\/wp-content\/uploads\/sites\/2\/2021\/12\/image009_n-1.jpg\" alt=\"\" width=\"1920\" height=\"702\" \/><\/p>\n<h3><span style=\"color: #ffffff;\"><strong><span style=\"background-color: #ff9900;\">\u00a0Cr\u00e9er la paix dans le monde\u00a0<\/span><\/strong><\/span><\/h3>\n<p>Luangpor Dattjeewo est un autre moine tha\u00eflandais qui a travaill\u00e9 avec diverses sectes du bouddhisme, ce qui l&#8217;a amen\u00e9 \u00e0 collaborer pour faire revivre et propager le bouddhisme dans de nombreux pays du monde. Bien qu&#8217;il existe plusieurs sectes bouddhistes avec des r\u00e8gles et des r\u00e8glements diff\u00e9rents selon la culture et les traditions de chaque pays, les bouddhistes sont comme une famille. Nous suivons tous les enseignements du Bouddha, qui sont orient\u00e9s vers la paix v\u00e9ritable. Gr\u00e2ce \u00e0 ses connaissances, sa sagesse, son caract\u00e8re gracieux et sa vision \u00e0 long terme, Luangpor Dattajeevo s&#8217;est tr\u00e8s bien acquitt\u00e9 de cette t\u00e2che collaborative et a \u00e9t\u00e9 accept\u00e9 et lou\u00e9 par la communaut\u00e9 mondiale \u00e0 tous les niveaux, des organisations locales aux organisations mondiales.<\/p>\n<\/div><\/div><\/div><\/div><\/div><\/div><\/div><\/div>","protected":false},"excerpt":{"rendered":"","protected":false},"author":1,"featured_media":0,"parent":0,"menu_order":0,"comment_status":"closed","ping_status":"closed","template":"","meta":{"footnotes":""},"class_list":["post-428","page","type-page","status-publish"],"amp_enabled":true,"_links":{"self":[{"href":"https:\/\/www.buddhistpedia.org\/fr\/wp-json\/wp\/v2\/pages\/428","targetHints":{"allow":["GET"]}}],"collection":[{"href":"https:\/\/www.buddhistpedia.org\/fr\/wp-json\/wp\/v2\/pages"}],"about":[{"href":"https:\/\/www.buddhistpedia.org\/fr\/wp-json\/wp\/v2\/types\/page"}],"author":[{"embeddable":true,"href":"https:\/\/www.buddhistpedia.org\/fr\/wp-json\/wp\/v2\/users\/1"}],"replies":[{"embeddable":true,"href":"https:\/\/www.buddhistpedia.org\/fr\/wp-json\/wp\/v2\/comments?post=428"}],"version-history":[{"count":2,"href":"https:\/\/www.buddhistpedia.org\/fr\/wp-json\/wp\/v2\/pages\/428\/revisions"}],"predecessor-version":[{"id":436,"href":"https:\/\/www.buddhistpedia.org\/fr\/wp-json\/wp\/v2\/pages\/428\/revisions\/436"}],"wp:attachment":[{"href":"https:\/\/www.buddhistpedia.org\/fr\/wp-json\/wp\/v2\/media?parent=428"}],"curies":[{"name":"wp","href":"https:\/\/api.w.org\/{rel}","templated":true}]}}