{"id":477,"date":"2022-07-21T10:17:55","date_gmt":"2022-07-21T03:17:55","guid":{"rendered":"https:\/\/www.buddhistpedia.org\/fr\/?page_id=477"},"modified":"2022-07-21T10:18:08","modified_gmt":"2022-07-21T03:18:08","slug":"journee-mondiale-de-la-meditation","status":"publish","type":"page","link":"https:\/\/www.buddhistpedia.org\/fr\/journee-mondiale-de-la-meditation\/","title":{"rendered":"Journ\u00e9e mondiale de la m\u00e9ditation"},"content":{"rendered":"<div id=\"tdi_1\" class=\"tdc-zone\"><div class=\"tdc_zone tdi_2  wpb_row td-pb-row\"  >\n<style scoped>\n\/* custom css - generated by TagDiv Composer *\/\n\n\/* custom css - generated by TagDiv Composer *\/\n.tdi_2{\r\n                    min-height: 100vh;\r\n                }\n<\/style><div id=\"tdi_3\" class=\"tdc-row stretch_row_1800 td-stretch-content\"><div class=\"vc_row tdi_4  wpb_row td-pb-row\" >\n<style scoped>\n\/* custom css - generated by TagDiv Composer *\/\n\n\/* custom css - generated by TagDiv Composer *\/\n.tdi_4,\r\n                .tdi_4 .tdc-columns{\r\n                    min-height: 0;\r\n                }.tdi_4,\r\n\t\t\t\t.tdi_4 .tdc-columns{\r\n\t\t\t\t    display: block;\r\n\t\t\t\t}.tdi_4 .tdc-columns{\r\n\t\t\t\t    width: 100%;\r\n\t\t\t\t}.tdi_4:before,\r\n\t\t\t\t.tdi_4:after{\r\n\t\t\t\t    display: table;\r\n\t\t\t\t}\n\/* inline tdc_css att - generated by TagDiv Composer *\/\n\n.tdi_4{\nmargin-top:60px !important;\n}\n\n.tdi_4 .td_block_wrap{ text-align:left }\n\n\/* phone *\/\n@media (max-width: 767px)\n{\n.tdi_4{\nmargin-top:-30px !important;\n}\n}\n\n\/* landscape *\/\n@media (min-width: 1019px) and (max-width: 1140px)\n{\n.tdi_4{\nmargin-top:-20px !important;\n}\n}\n\n<\/style><div class=\"vc_column tdi_6  wpb_column vc_column_container tdc-column td-pb-span12\">\n<style scoped>\n\/* custom css - generated by TagDiv Composer *\/\n\n\/* custom css - generated by TagDiv Composer *\/\n.tdi_6{\r\n                    vertical-align: baseline;\r\n                }.tdi_6 > .wpb_wrapper,\r\n\t\t\t\t.tdi_6 > .wpb_wrapper > .tdc-elements{\r\n\t\t\t\t    display: block;\r\n\t\t\t\t}.tdi_6 > .wpb_wrapper > .tdc-elements{\r\n\t\t\t\t    width: 100%;\r\n\t\t\t\t}.tdi_6 > .wpb_wrapper > .vc_row_inner{\r\n\t\t\t\t    width: auto;\r\n\t\t\t\t}.tdi_6 > .wpb_wrapper{\r\n\t\t\t\t    width: auto;\r\n\t\t\t\t    height: auto;\r\n\t\t\t\t}\n<\/style><div class=\"wpb_wrapper\" ><div class=\"wpb_wrapper td_block_empty_space td_block_wrap vc_empty_space tdi_8 \"  style=\"height: 32px\"><\/div><div class=\"tdm_block td_block_wrap tdm_block_column_title tdi_9 tdm-content-horiz-center td-pb-border-top td_block_template_1\"  data-td-block-uid=\"tdi_9\" >\n<style>\n\n\/* inline tdc_css att - generated by TagDiv Composer *\/\n\n.tdi_9{\nposition:relative;\n}\n\n\/* landscape *\/\n@media (min-width: 1019px) and (max-width: 1140px)\n{\n.tdi_9{\nmargin-top:70px !important;\n}\n}\n\n<\/style>\n<style>\n\/* custom css - generated by TagDiv Composer *\/\n.tdm_block_column_title{\r\n                  margin-bottom: 0;\r\n                  display: inline-block;\r\n                  width: 100%;\r\n                }\n<\/style>\n<div class=\"tdi_9_rand_style td-element-style\"><style>\n.tdi_9_rand_style{\nbackground-color:rgba(30,115,190,0.7) !important;\n}\n <\/style><\/div><div class=\"td-block-row\"><div class=\"td-block-span12 tdm-col\">\n<style>\n\/* custom css - generated by TagDiv Composer *\/\nbody .tdi_10 .tdm-title{\r\n\t\t\t\t\tcolor: #ffffff;\r\n\t\t\t\t}.tdi_10 .tdm-title{\r\n\t\t\t\t\tfont-size:60px !important;line-height:1 !important;\r\n\t\t\t\t}\n\n\/* landscape *\/\n@media (min-width: 1019px) and (max-width: 1140px){\n.tdi_10 .tdm-title{\r\n\t\t\t\t\tfont-size:50px !important;\r\n\t\t\t\t}\n}\n\n\/* portrait *\/\n@media (min-width: 768px) and (max-width: 1018px){\n.tdi_10 .tdm-title{\r\n\t\t\t\t\tfont-size:50px !important;\r\n\t\t\t\t}\n}\n\n\/* phone *\/\n@media (max-width: 767px){\n.tdi_10 .tdm-title{\r\n\t\t\t\t\tfont-size:30px !important;\r\n\t\t\t\t}\n}\n<\/style><div class=\"tds-title tds-title1 td-fix-index tdi_10 \"><h3 class=\"tdm-title tdm-title-md\">Journ\u00e9e mondiale de la m\u00e9ditation<\/h3><\/div><\/div><\/div><\/div><div class=\"td_block_wrap td_block_text_with_title tdi_11 tagdiv-type td-pb-border-top td_block_template_18\"  data-td-block-uid=\"tdi_11\" >\n<style>\n\/* custom css - generated by TagDiv Composer *\/\n.td_block_text_with_title{\r\n                  margin-bottom: 44px;\r\n                  -webkit-transform: translateZ(0);\r\n                  transform: translateZ(0);\r\n                }.td_block_text_with_title p:last-child{\r\n                  margin-bottom: 0;\r\n                }.tdi_11 h4{\r\n\t\t\t        font-size:26px !important;font-weight:700 !important;text-transform:none !important;letter-spacing:2px !important;\r\n\t\t        }\n\n\/* phone *\/\n@media (max-width: 767px){\n.tdi_11 h4{\r\n\t\t\t        font-size:18px !important;font-weight:400 !important;letter-spacing:1px !important;\r\n\t\t        }\n}\n<\/style><div class=\"td-block-title-wrap\"><\/div><div class=\"td_mod_wrap td-fix-index\"><p><img loading=\"lazy\" decoding=\"async\" class=\"alignnone size-full wp-image-712\" src=\"https:\/\/www.buddhistpedia.org\/th\/wp-content\/uploads\/sites\/2\/2022\/07\/world-meditation-day-1-scaled.jpg\" alt=\"\" width=\"2560\" height=\"829\"><\/p>\n<\/div><\/div><\/div><\/div><\/div><\/div><div id=\"tdi_12\" class=\"tdc-row stretch_row_1800 td-stretch-content\"><div class=\"vc_row tdi_13  wpb_row td-pb-row\" >\n<style scoped>\n\/* custom css - generated by TagDiv Composer *\/\n\n\/* custom css - generated by TagDiv Composer *\/\n.tdi_13,\r\n                .tdi_13 .tdc-columns{\r\n                    min-height: 0;\r\n                }.tdi_13,\r\n\t\t\t\t.tdi_13 .tdc-columns{\r\n\t\t\t\t    display: block;\r\n\t\t\t\t}.tdi_13 .tdc-columns{\r\n\t\t\t\t    width: 100%;\r\n\t\t\t\t}.tdi_13:before,\r\n\t\t\t\t.tdi_13:after{\r\n\t\t\t\t    display: table;\r\n\t\t\t\t}\n<\/style><div class=\"vc_column tdi_15  wpb_column vc_column_container tdc-column td-pb-span12\">\n<style scoped>\n\/* custom css - generated by TagDiv Composer *\/\n\n\/* custom css - generated by TagDiv Composer *\/\n.tdi_15{\r\n                    vertical-align: baseline;\r\n                }.tdi_15 > .wpb_wrapper,\r\n\t\t\t\t.tdi_15 > .wpb_wrapper > .tdc-elements{\r\n\t\t\t\t    display: block;\r\n\t\t\t\t}.tdi_15 > .wpb_wrapper > .tdc-elements{\r\n\t\t\t\t    width: 100%;\r\n\t\t\t\t}.tdi_15 > .wpb_wrapper > .vc_row_inner{\r\n\t\t\t\t    width: auto;\r\n\t\t\t\t}.tdi_15 > .wpb_wrapper{\r\n\t\t\t\t    width: auto;\r\n\t\t\t\t    height: auto;\r\n\t\t\t\t}\n<\/style><div class=\"wpb_wrapper\" ><div class=\"td_block_wrap td_block_text_with_title tdi_16 tagdiv-type td-pb-border-top td_block_template_1\"  data-td-block-uid=\"tdi_16\" ><div class=\"td-block-title-wrap\"><\/div><div class=\"td_mod_wrap td-fix-index\"><h3><span style=\"color: #ffffff; background-color: #00ccff;\"><strong>\u00a0Contexte\u00a0<\/strong><\/span><\/h3>\n<p>Le plus grand mal fait \u00e0 l&#8217;humanit\u00e9 est la &#8220;guerre&#8221;, cr\u00e9\u00e9e par l&#8217;homme lui-m\u00eame. Tout au long de l&#8217;histoire de l&#8217;humanit\u00e9, il n&#8217;y a jamais eu de p\u00e9riode totalement exempte de guerre. La &#8220;paix&#8221; est ce que les gens ont toujours recherch\u00e9.<\/p>\n<p>Le 6 ao\u00fbt 1945, la bombe atomique la plus puissante de l&#8217;histoire de l&#8217;humanit\u00e9 a \u00e9t\u00e9 largu\u00e9e sur Hiroshima, entra\u00eenant la mort de centaines de milliers de personnes. Les \u00e9v\u00e9nements douloureux de la Seconde Guerre mondiale ont fait prendre conscience de l&#8217;\u00e9norme danger de la guerre. Par cons\u00e9quent, une organisation centrale charg\u00e9e de maintenir la paix pour la communaut\u00e9 internationale, \u00e0 savoir les Nations Unies, a \u00e9t\u00e9 cr\u00e9\u00e9e.<\/p>\n<p>Lors de la r\u00e9union de l&#8217;Association mondiale des jeunes bouddhistes en 1988, une discussion sur la m\u00e9ditation et la paix a \u00e9t\u00e9 soulev\u00e9e. Comme la m\u00e9ditation est universelle et que tout le monde peut la pratiquer et faire l&#8217;exp\u00e9rience de la paix, l&#8217;Association mondiale des jeunes bouddhistes a d\u00e9sign\u00e9 le 6 ao\u00fbt de chaque ann\u00e9e comme Journ\u00e9e mondiale de la m\u00e9ditation afin d&#8217;encourager les gens \u00e0 cr\u00e9er la paix dans leur propre esprit par la m\u00e9ditation, ce qui conduira \u00e0 des communaut\u00e9s pacifiques et, finalement, \u00e0 la paix mondiale.<\/p>\n<p><img loading=\"lazy\" decoding=\"async\" class=\"alignnone size-full wp-image-713\" src=\"https:\/\/www.buddhistpedia.org\/th\/wp-content\/uploads\/sites\/2\/2022\/07\/world-meditation-day-2-scaled.jpg\" alt=\"\" width=\"2560\" height=\"829\" \/><\/p>\n<h3>Faisons partie de l&#8217;histoire en faisant de la &#8220;paix mondiale par la paix int\u00e9rieure&#8221; une r\u00e9alit\u00e9.<\/h3>\n<p>La paix dans le monde commence par la paix int\u00e9rieure, qui peut \u00eatre facilement obtenue par la m\u00e9ditation. La m\u00e9ditation de groupe en grand nombre peut cr\u00e9er une puissance \u00e9norme qui peut r\u00e9pandre une bonne \u00e9nergie dans le monde entier.<\/p>\n<p>Vous \u00eates invit\u00e9 \u00e0 faire de la &#8220;paix mondiale par la paix int\u00e9rieure&#8221; une r\u00e9alit\u00e9 en envoyant une ou plusieurs photos de vous-m\u00eame en position de m\u00e9ditation. Les photos envoy\u00e9es seront compil\u00e9es pour le &#8220;Record d&#8217;un million de photos de personnes en train de m\u00e9diter&#8221; afin de constituer le record mondial Guinness.<\/p>\n<p>Directives<\/p>\n<p>1. Prenez une photo de votre corps entier, assis en position de m\u00e9ditation, habill\u00e9 de mani\u00e8re appropri\u00e9e.<\/p>\n<p>2. N&#8217;indiquez pas votre nom sur la ou les photos.<\/p>\n<p>3. Ne soumettez pas de photo(s) redondante(s) ou de photo(s) sous copyright ne vous appartenant pas.<\/p>\n<p>\u00c0 partir de maintenant et jusqu&#8217;au 6 ao\u00fbt 2022, vous pouvez t\u00e9l\u00e9charger votre\/vos photo(s) sur www.meditationphoto.com<\/p>\n<p><img loading=\"lazy\" decoding=\"async\" class=\"alignnone size-full wp-image-714\" src=\"https:\/\/www.buddhistpedia.org\/th\/wp-content\/uploads\/sites\/2\/2022\/07\/world-meditation-day-3-scaled.jpg\" alt=\"\" width=\"2560\" height=\"829\" \/><\/p>\n<h3><span style=\"color: #ffffff; background-color: #00ccff;\"><strong>\u00a0Activit\u00e9s au Wat Phra Dhammakaya\u00a0<\/strong><\/span><\/h3>\n<p>Le Wat Phra Dhammakaya organise chaque ann\u00e9e des activit\u00e9s \u00e0 l&#8217;occasion de la Journ\u00e9e mondiale de la m\u00e9ditation. Cette ann\u00e9e, le 7 ao\u00fbt est le premier dimanche du mois, ce qui co\u00efncide avec le grand rassemblement mensuel au temple. Nous souhaitons donc encourager tout le monde, o\u00f9 que vous viviez, \u00e0 m\u00e9diter ensemble le 7 ao\u00fbt. La Journ\u00e9e mondiale de la m\u00e9ditation peut \u00eatre consid\u00e9r\u00e9e comme le jour de la paix dans le monde. Lorsque l&#8217;esprit des gens se concentre et reste compl\u00e8tement immobile au centre du corps, ils atteignent la paix int\u00e9rieure. Lorsque toute l&#8217;humanit\u00e9 peut atteindre la paix int\u00e9rieure, alors la paix peut advenir. La m\u00e9ditation est donc le lien vers une v\u00e9ritable paix mondiale.<\/p>\n<\/div><\/div><\/div><\/div><\/div><\/div><\/div><\/div>","protected":false},"excerpt":{"rendered":"","protected":false},"author":1,"featured_media":0,"parent":0,"menu_order":0,"comment_status":"closed","ping_status":"closed","template":"","meta":{"footnotes":""},"class_list":["post-477","page","type-page","status-publish"],"amp_enabled":true,"_links":{"self":[{"href":"https:\/\/www.buddhistpedia.org\/fr\/wp-json\/wp\/v2\/pages\/477","targetHints":{"allow":["GET"]}}],"collection":[{"href":"https:\/\/www.buddhistpedia.org\/fr\/wp-json\/wp\/v2\/pages"}],"about":[{"href":"https:\/\/www.buddhistpedia.org\/fr\/wp-json\/wp\/v2\/types\/page"}],"author":[{"embeddable":true,"href":"https:\/\/www.buddhistpedia.org\/fr\/wp-json\/wp\/v2\/users\/1"}],"replies":[{"embeddable":true,"href":"https:\/\/www.buddhistpedia.org\/fr\/wp-json\/wp\/v2\/comments?post=477"}],"version-history":[{"count":2,"href":"https:\/\/www.buddhistpedia.org\/fr\/wp-json\/wp\/v2\/pages\/477\/revisions"}],"predecessor-version":[{"id":480,"href":"https:\/\/www.buddhistpedia.org\/fr\/wp-json\/wp\/v2\/pages\/477\/revisions\/480"}],"wp:attachment":[{"href":"https:\/\/www.buddhistpedia.org\/fr\/wp-json\/wp\/v2\/media?parent=477"}],"curies":[{"name":"wp","href":"https:\/\/api.w.org\/{rel}","templated":true}]}}